{"id":1648,"date":"2023-03-16T13:53:41","date_gmt":"2023-03-16T13:53:41","guid":{"rendered":"https:\/\/tecnologia.vamtam.com\/?page_id=1648"},"modified":"2024-03-26T00:01:17","modified_gmt":"2024-03-26T00:01:17","slug":"politica-privacidad","status":"publish","type":"page","link":"https:\/\/vpdprosistemas.com\/en\/politica-privacidad\/","title":{"rendered":"Privacy Policy"},"content":{"rendered":"<div data-elementor-type=\"wp-page\" data-elementor-id=\"1648\" class=\"elementor elementor-1648\" data-elementor-post-type=\"page\">\n\t\t\t\t\t\t<section class=\"elementor-section elementor-top-section elementor-element elementor-element-6c5644c elementor-section-boxed elementor-section-height-default elementor-section-height-default\" data-id=\"6c5644c\" data-element_type=\"section\" data-e-type=\"section\">\n\t\t\t\t\t\t<div class=\"elementor-container elementor-column-gap-default\">\n\t\t\t\t\t<div class=\"elementor-column elementor-col-100 elementor-top-column elementor-element elementor-element-759c98e\" data-id=\"759c98e\" data-element_type=\"column\" data-e-type=\"column\">\n\t\t\t<div class=\"elementor-widget-wrap elementor-element-populated\">\n\t\t\t\t\t\t<div class=\"elementor-element elementor-element-9af75f0 animated-slow elementor-invisible elementor-widget elementor-widget-heading\" data-id=\"9af75f0\" data-element_type=\"widget\" data-e-type=\"widget\" data-settings=\"{&quot;_animation&quot;:&quot;fadeIn&quot;,&quot;_animation_tablet&quot;:&quot;none&quot;}\" data-widget_type=\"heading.default\">\n\t\t\t\t<div class=\"elementor-widget-container\">\n\t\t\t\t\t<h1 class=\"elementor-heading-title elementor-size-default\">Privacy Policy<\/h1>\t\t\t\t<\/div>\n\t\t\t\t<\/div>\n\t\t\t\t<div class=\"elementor-element elementor-element-88a728c animated-slow elementor-invisible elementor-widget elementor-widget-heading\" data-id=\"88a728c\" data-element_type=\"widget\" data-e-type=\"widget\" data-settings=\"{&quot;_animation&quot;:&quot;fadeIn&quot;,&quot;_animation_tablet&quot;:&quot;none&quot;,&quot;_animation_delay&quot;:300}\" data-widget_type=\"heading.default\">\n\t\t\t\t<div class=\"elementor-widget-container\">\n\t\t\t\t\t<p class=\"elementor-heading-title elementor-size-default\">VPD Proyectos y Sistemas, C.A<\/p>\t\t\t\t<\/div>\n\t\t\t\t<\/div>\n\t\t\t\t<div class=\"elementor-element elementor-element-31a03c4 elementor-widget elementor-widget-spacer\" data-id=\"31a03c4\" data-element_type=\"widget\" data-e-type=\"widget\" data-widget_type=\"spacer.default\">\n\t\t\t\t<div class=\"elementor-widget-container\">\n\t\t\t\t\t\t\t<div class=\"elementor-spacer\">\n\t\t\t<div class=\"elementor-spacer-inner\"><\/div>\n\t\t<\/div>\n\t\t\t\t\t\t<\/div>\n\t\t\t\t<\/div>\n\t\t\t\t\t<\/div>\n\t\t<\/div>\n\t\t\t\t\t<\/div>\n\t\t<\/section>\n\t\t\t\t<section class=\"elementor-section elementor-top-section elementor-element elementor-element-1fcb2d8 elementor-section-boxed elementor-section-height-default elementor-section-height-default\" data-id=\"1fcb2d8\" data-element_type=\"section\" data-e-type=\"section\">\n\t\t\t\t\t\t<div class=\"elementor-container elementor-column-gap-no\">\n\t\t\t\t\t<div class=\"elementor-column elementor-col-100 elementor-top-column elementor-element elementor-element-5923213\" data-id=\"5923213\" data-element_type=\"column\" data-e-type=\"column\">\n\t\t\t<div class=\"elementor-widget-wrap elementor-element-populated\">\n\t\t\t\t\t\t<div class=\"elementor-element elementor-element-6acf5a5 elementor-widget elementor-widget-heading\" data-id=\"6acf5a5\" data-element_type=\"widget\" data-e-type=\"widget\" data-widget_type=\"heading.default\">\n\t\t\t\t<div class=\"elementor-widget-container\">\n\t\t\t\t\t<h3 class=\"elementor-heading-title elementor-size-default\">\u00bfQu\u00e9 informaci\u00f3n recopilamos?<\/h3>\t\t\t\t<\/div>\n\t\t\t\t<\/div>\n\t\t\t\t<div class=\"vamtam-has-theme-widget-styles elementor-element elementor-element-d10225c elementor-widget elementor-widget-text-editor\" data-id=\"d10225c\" data-element_type=\"widget\" data-e-type=\"widget\" data-widget_type=\"text-editor.default\">\n\t\t\t\t<div class=\"elementor-widget-container\">\n\t\t\t\t\t\t\t\t\t<p>Cuando interact\u00faa con nosotros, podemos recopilar su nombre, direcci\u00f3n, direcci\u00f3n de correo electr\u00f3nico, n\u00famero de tel\u00e9fono y cuando corresponda su fecha de nacimiento.<\/p>\t\t\t\t\t\t\t\t<\/div>\n\t\t\t\t<\/div>\n\t\t\t\t<div class=\"elementor-element elementor-element-4a7087e elementor-widget elementor-widget-heading\" data-id=\"4a7087e\" data-element_type=\"widget\" data-e-type=\"widget\" data-widget_type=\"heading.default\">\n\t\t\t\t<div class=\"elementor-widget-container\">\n\t\t\t\t\t<h3 class=\"elementor-heading-title elementor-size-default\">\u00bfC\u00f3mo recopilamos la informaci\u00f3n?<\/h3>\t\t\t\t<\/div>\n\t\t\t\t<\/div>\n\t\t\t\t<div class=\"vamtam-has-theme-widget-styles elementor-element elementor-element-ff17bec elementor-widget elementor-widget-text-editor\" data-id=\"ff17bec\" data-element_type=\"widget\" data-e-type=\"widget\" data-widget_type=\"text-editor.default\">\n\t\t\t\t<div class=\"elementor-widget-container\">\n\t\t\t\t\t\t\t\t\t<p>Podemos recopilar informaci\u00f3n sobre usted cada vez que interact\u00faa con nosotros. Por ejemplo, cuando agenda una reuni\u00f3n o realiza una solicitud de soporte tecnol\u00f3gico, usted nos proporciona su informaci\u00f3n personal de manera espec\u00edfica y consciente. Tambi\u00e9n podemos recibir informaci\u00f3n sobre usted de terceros, pero solo si les ha dado permiso para compartir su informaci\u00f3n.<\/p>\t\t\t\t\t\t\t\t<\/div>\n\t\t\t\t<\/div>\n\t\t\t\t<div class=\"elementor-element elementor-element-066c896 elementor-widget elementor-widget-heading\" data-id=\"066c896\" data-element_type=\"widget\" data-e-type=\"widget\" data-widget_type=\"heading.default\">\n\t\t\t\t<div class=\"elementor-widget-container\">\n\t\t\t\t\t<h3 class=\"elementor-heading-title elementor-size-default\">Confidencialidad<\/h3>\t\t\t\t<\/div>\n\t\t\t\t<\/div>\n\t\t\t\t<div class=\"vamtam-has-theme-widget-styles elementor-element elementor-element-783a250 elementor-widget elementor-widget-text-editor\" data-id=\"783a250\" data-element_type=\"widget\" data-e-type=\"widget\" data-widget_type=\"text-editor.default\">\n\t\t\t\t<div class=\"elementor-widget-container\">\n\t\t\t\t\t\t\t\t\t<p>No seremos responsables de la privacidad de los datos recopilados por sitios web que no son propiedad ni son administrados por VPD Proyectos y Sistemas.<\/p>\t\t\t\t\t\t\t\t<\/div>\n\t\t\t\t<\/div>\n\t\t\t\t\t<\/div>\n\t\t<\/div>\n\t\t\t\t\t<\/div>\n\t\t<\/section>\n\t\t\t\t<\/div>","protected":false},"excerpt":{"rendered":"<p>Pol\u00edtica de Privacidad VPD Proyectos y Sistemas, C.A \u00bfQu\u00e9 informaci\u00f3n recopilamos? Cuando interact\u00faa con nosotros, podemos recopilar su nombre, direcci\u00f3n, direcci\u00f3n de correo electr\u00f3nico, n\u00famero de tel\u00e9fono y cuando corresponda su fecha de nacimiento. \u00bfC\u00f3mo recopilamos la informaci\u00f3n? Podemos recopilar informaci\u00f3n sobre usted cada vez que interact\u00faa con nosotros. Por ejemplo, cuando agenda una reuni\u00f3n&#8230;<\/p>","protected":false},"author":1,"featured_media":0,"parent":0,"menu_order":0,"comment_status":"closed","ping_status":"closed","template":"","meta":{"footnotes":""},"class_list":["post-1648","page","type-page","status-publish","hentry"],"yoast_head":"<!-- This site is optimized with the Yoast SEO plugin v27.6 - https:\/\/yoast.com\/product\/yoast-seo-wordpress\/ -->\n<title>Pol\u00edtica de Privacidad - VPD Proyectos y Sistemas<\/title>\n<meta name=\"robots\" content=\"index, follow, max-snippet:-1, max-image-preview:large, max-video-preview:-1\" \/>\n<link rel=\"canonical\" href=\"https:\/\/vpdprosistemas.com\/en\/politica-privacidad\/\" \/>\n<meta property=\"og:locale\" content=\"en_US\" \/>\n<meta property=\"og:type\" content=\"article\" \/>\n<meta property=\"og:title\" content=\"Pol\u00edtica de Privacidad - VPD Proyectos y Sistemas\" \/>\n<meta property=\"og:description\" content=\"Pol\u00edtica de Privacidad VPD Proyectos y Sistemas, C.A \u00bfQu\u00e9 informaci\u00f3n recopilamos? Cuando interact\u00faa con nosotros, podemos recopilar su nombre, direcci\u00f3n, direcci\u00f3n de correo electr\u00f3nico, n\u00famero de tel\u00e9fono y cuando corresponda su fecha de nacimiento. \u00bfC\u00f3mo recopilamos la informaci\u00f3n? Podemos recopilar informaci\u00f3n sobre usted cada vez que interact\u00faa con nosotros. Por ejemplo, cuando agenda una reuni\u00f3n...\" \/>\n<meta property=\"og:url\" content=\"https:\/\/vpdprosistemas.com\/en\/politica-privacidad\/\" \/>\n<meta property=\"og:site_name\" content=\"VPD Proyectos y Sistemas\" \/>\n<meta property=\"article:publisher\" content=\"https:\/\/www.facebook.com\/vpdprosistemassa\/\" \/>\n<meta property=\"article:modified_time\" content=\"2024-03-26T00:01:17+00:00\" \/>\n<meta name=\"twitter:card\" content=\"summary_large_image\" \/>\n<meta name=\"twitter:label1\" content=\"Est. reading time\" \/>\n\t<meta name=\"twitter:data1\" content=\"1 minute\" \/>\n<script type=\"application\/ld+json\" class=\"yoast-schema-graph\">{\"@context\":\"https:\\\/\\\/schema.org\",\"@graph\":[{\"@type\":\"WebPage\",\"@id\":\"https:\\\/\\\/vpdprosistemas.com\\\/politica-privacidad\\\/\",\"url\":\"https:\\\/\\\/vpdprosistemas.com\\\/politica-privacidad\\\/\",\"name\":\"Pol\u00edtica de Privacidad - VPD Proyectos y Sistemas\",\"isPartOf\":{\"@id\":\"https:\\\/\\\/vpdprosistemas.com\\\/#website\"},\"datePublished\":\"2023-03-16T13:53:41+00:00\",\"dateModified\":\"2024-03-26T00:01:17+00:00\",\"breadcrumb\":{\"@id\":\"https:\\\/\\\/vpdprosistemas.com\\\/politica-privacidad\\\/#breadcrumb\"},\"inLanguage\":\"en-US\",\"potentialAction\":[{\"@type\":\"ReadAction\",\"target\":[\"https:\\\/\\\/vpdprosistemas.com\\\/politica-privacidad\\\/\"]}]},{\"@type\":\"BreadcrumbList\",\"@id\":\"https:\\\/\\\/vpdprosistemas.com\\\/politica-privacidad\\\/#breadcrumb\",\"itemListElement\":[{\"@type\":\"ListItem\",\"position\":1,\"name\":\"Home\",\"item\":\"https:\\\/\\\/vpdprosistemas.com\\\/\"},{\"@type\":\"ListItem\",\"position\":2,\"name\":\"Pol\u00edtica de Privacidad\"}]},{\"@type\":\"WebSite\",\"@id\":\"https:\\\/\\\/vpdprosistemas.com\\\/#website\",\"url\":\"https:\\\/\\\/vpdprosistemas.com\\\/\",\"name\":\"VPD Proyectos y Sistemas\",\"description\":\"Empresa de Desarrollo y Tecnolog&iacute;a\",\"publisher\":{\"@id\":\"https:\\\/\\\/vpdprosistemas.com\\\/#organization\"},\"potentialAction\":[{\"@type\":\"SearchAction\",\"target\":{\"@type\":\"EntryPoint\",\"urlTemplate\":\"https:\\\/\\\/vpdprosistemas.com\\\/?s={search_term_string}\"},\"query-input\":{\"@type\":\"PropertyValueSpecification\",\"valueRequired\":true,\"valueName\":\"search_term_string\"}}],\"inLanguage\":\"en-US\"},{\"@type\":\"Organization\",\"@id\":\"https:\\\/\\\/vpdprosistemas.com\\\/#organization\",\"name\":\"VPD Proyectos y Sistemas\",\"url\":\"https:\\\/\\\/vpdprosistemas.com\\\/\",\"logo\":{\"@type\":\"ImageObject\",\"inLanguage\":\"en-US\",\"@id\":\"https:\\\/\\\/vpdprosistemas.com\\\/#\\\/schema\\\/logo\\\/image\\\/\",\"url\":\"https:\\\/\\\/vpdprosistemas.com\\\/wp-content\\\/uploads\\\/2024\\\/04\\\/cropped-logoVpd-1.png\",\"contentUrl\":\"https:\\\/\\\/vpdprosistemas.com\\\/wp-content\\\/uploads\\\/2024\\\/04\\\/cropped-logoVpd-1.png\",\"width\":241,\"height\":117,\"caption\":\"VPD Proyectos y Sistemas\"},\"image\":{\"@id\":\"https:\\\/\\\/vpdprosistemas.com\\\/#\\\/schema\\\/logo\\\/image\\\/\"},\"sameAs\":[\"https:\\\/\\\/www.facebook.com\\\/vpdprosistemassa\\\/\",\"https:\\\/\\\/www.linkedin.com\\\/company\\\/vpdprosistemassa\\\/\"]}]}<\/script>\n<!-- \/ Yoast SEO plugin. -->","yoast_head_json":{"title":"Pol\u00edtica de Privacidad - VPD Proyectos y Sistemas","robots":{"index":"index","follow":"follow","max-snippet":"max-snippet:-1","max-image-preview":"max-image-preview:large","max-video-preview":"max-video-preview:-1"},"canonical":"https:\/\/vpdprosistemas.com\/en\/politica-privacidad\/","og_locale":"en_US","og_type":"article","og_title":"Pol\u00edtica de Privacidad - VPD Proyectos y Sistemas","og_description":"Pol\u00edtica de Privacidad VPD Proyectos y Sistemas, C.A \u00bfQu\u00e9 informaci\u00f3n recopilamos? Cuando interact\u00faa con nosotros, podemos recopilar su nombre, direcci\u00f3n, direcci\u00f3n de correo electr\u00f3nico, n\u00famero de tel\u00e9fono y cuando corresponda su fecha de nacimiento. \u00bfC\u00f3mo recopilamos la informaci\u00f3n? Podemos recopilar informaci\u00f3n sobre usted cada vez que interact\u00faa con nosotros. Por ejemplo, cuando agenda una reuni\u00f3n...","og_url":"https:\/\/vpdprosistemas.com\/en\/politica-privacidad\/","og_site_name":"VPD Proyectos y Sistemas","article_publisher":"https:\/\/www.facebook.com\/vpdprosistemassa\/","article_modified_time":"2024-03-26T00:01:17+00:00","twitter_card":"summary_large_image","twitter_misc":{"Est. reading time":"1 minute"},"schema":{"@context":"https:\/\/schema.org","@graph":[{"@type":"WebPage","@id":"https:\/\/vpdprosistemas.com\/politica-privacidad\/","url":"https:\/\/vpdprosistemas.com\/politica-privacidad\/","name":"Pol\u00edtica de Privacidad - VPD Proyectos y Sistemas","isPartOf":{"@id":"https:\/\/vpdprosistemas.com\/#website"},"datePublished":"2023-03-16T13:53:41+00:00","dateModified":"2024-03-26T00:01:17+00:00","breadcrumb":{"@id":"https:\/\/vpdprosistemas.com\/politica-privacidad\/#breadcrumb"},"inLanguage":"en-US","potentialAction":[{"@type":"ReadAction","target":["https:\/\/vpdprosistemas.com\/politica-privacidad\/"]}]},{"@type":"BreadcrumbList","@id":"https:\/\/vpdprosistemas.com\/politica-privacidad\/#breadcrumb","itemListElement":[{"@type":"ListItem","position":1,"name":"Home","item":"https:\/\/vpdprosistemas.com\/"},{"@type":"ListItem","position":2,"name":"Pol\u00edtica de Privacidad"}]},{"@type":"WebSite","@id":"https:\/\/vpdprosistemas.com\/#website","url":"https:\/\/vpdprosistemas.com\/","name":"VPD Proyectos y Sistemas","description":"Empresa de Desarrollo y Tecnolog&iacute;a","publisher":{"@id":"https:\/\/vpdprosistemas.com\/#organization"},"potentialAction":[{"@type":"SearchAction","target":{"@type":"EntryPoint","urlTemplate":"https:\/\/vpdprosistemas.com\/?s={search_term_string}"},"query-input":{"@type":"PropertyValueSpecification","valueRequired":true,"valueName":"search_term_string"}}],"inLanguage":"en-US"},{"@type":"Organization","@id":"https:\/\/vpdprosistemas.com\/#organization","name":"VPD Proyectos y Sistemas","url":"https:\/\/vpdprosistemas.com\/","logo":{"@type":"ImageObject","inLanguage":"en-US","@id":"https:\/\/vpdprosistemas.com\/#\/schema\/logo\/image\/","url":"https:\/\/vpdprosistemas.com\/wp-content\/uploads\/2024\/04\/cropped-logoVpd-1.png","contentUrl":"https:\/\/vpdprosistemas.com\/wp-content\/uploads\/2024\/04\/cropped-logoVpd-1.png","width":241,"height":117,"caption":"VPD Proyectos y Sistemas"},"image":{"@id":"https:\/\/vpdprosistemas.com\/#\/schema\/logo\/image\/"},"sameAs":["https:\/\/www.facebook.com\/vpdprosistemassa\/","https:\/\/www.linkedin.com\/company\/vpdprosistemassa\/"]}]}},"_links":{"self":[{"href":"https:\/\/vpdprosistemas.com\/en\/wp-json\/wp\/v2\/pages\/1648","targetHints":{"allow":["GET"]}}],"collection":[{"href":"https:\/\/vpdprosistemas.com\/en\/wp-json\/wp\/v2\/pages"}],"about":[{"href":"https:\/\/vpdprosistemas.com\/en\/wp-json\/wp\/v2\/types\/page"}],"author":[{"embeddable":true,"href":"https:\/\/vpdprosistemas.com\/en\/wp-json\/wp\/v2\/users\/1"}],"replies":[{"embeddable":true,"href":"https:\/\/vpdprosistemas.com\/en\/wp-json\/wp\/v2\/comments?post=1648"}],"version-history":[{"count":13,"href":"https:\/\/vpdprosistemas.com\/en\/wp-json\/wp\/v2\/pages\/1648\/revisions"}],"predecessor-version":[{"id":988992,"href":"https:\/\/vpdprosistemas.com\/en\/wp-json\/wp\/v2\/pages\/1648\/revisions\/988992"}],"wp:attachment":[{"href":"https:\/\/vpdprosistemas.com\/en\/wp-json\/wp\/v2\/media?parent=1648"}],"curies":[{"name":"wp","href":"https:\/\/api.w.org\/{rel}","templated":true}]}}