{"id":989110,"date":"2024-03-26T13:32:15","date_gmt":"2024-03-26T13:32:15","guid":{"rendered":"https:\/\/vpdprosistemas.com\/?page_id=989110"},"modified":"2024-04-08T13:16:58","modified_gmt":"2024-04-08T13:16:58","slug":"desarrollo-a-la-medida","status":"publish","type":"page","link":"https:\/\/vpdprosistemas.com\/en\/servicios\/desarrollo-a-la-medida\/","title":{"rendered":"Custom Development"},"content":{"rendered":"<div data-elementor-type=\"wp-page\" data-elementor-id=\"989110\" class=\"elementor elementor-989110\" data-elementor-post-type=\"page\">\n\t\t\t\t\t\t<section class=\"elementor-section elementor-top-section elementor-element elementor-element-3df32b92 elementor-section-content-middle elementor-reverse-mobile elementor-section-boxed elementor-section-height-default elementor-section-height-default\" data-id=\"3df32b92\" data-element_type=\"section\" data-e-type=\"section\">\n\t\t\t\t\t\t<div class=\"elementor-container elementor-column-gap-no\">\n\t\t\t\t\t<div class=\"elementor-column elementor-col-50 elementor-top-column elementor-element elementor-element-4b421193\" data-id=\"4b421193\" data-element_type=\"column\" data-e-type=\"column\">\n\t\t\t<div class=\"elementor-widget-wrap elementor-element-populated\">\n\t\t\t\t\t\t<div class=\"elementor-element elementor-element-3c3ce7af elementor-widget__width-initial elementor-widget elementor-widget-heading\" data-id=\"3c3ce7af\" data-element_type=\"widget\" data-e-type=\"widget\" data-widget_type=\"heading.default\">\n\t\t\t\t<div class=\"elementor-widget-container\">\n\t\t\t\t\t<h3 class=\"elementor-heading-title elementor-size-default\">Servicio de Desarrollo a la Medida<\/h3>\t\t\t\t<\/div>\n\t\t\t\t<\/div>\n\t\t\t\t<div class=\"vamtam-has-theme-widget-styles elementor-element elementor-element-4e1e2371 elementor-widget elementor-widget-text-editor\" data-id=\"4e1e2371\" data-element_type=\"widget\" data-e-type=\"widget\" data-widget_type=\"text-editor.default\">\n\t\t\t\t<div class=\"elementor-widget-container\">\n\t\t\t\t\t\t\t\t\t<p>Sabemos que el software a la medida nace porque las opciones en el mercado no cumplen lo que la empresa requiere, por eso nuestro equipo interno de desarrollo se encargar\u00e1 de dise\u00f1ar y desarrollar software con los mas altos est\u00e1ndares de calidad que aporten caracter\u00edsticas \u00fanicas de acuerdo a las necesidades de su negocio. Si\u00e9ntase c\u00f3modo y disfrute de los siguientes beneficios:<\/p><ul><li>Dise\u00f1o \u00fanico centrado en las necesidades del usuario final.<\/li><li>Iteraci\u00f3n continua y retroalimentaci\u00f3n temprana gracias a la implementaci\u00f3n de metodolog\u00edas agiles.<\/li><li>C\u00f3digo seguro, eficiente y sostenible en el tiempo.<\/li><li>Documentaci\u00f3n T\u00e9cnica y funcional del desarrollo realizado.<\/li><li>Soporte para mantenimiento preventivo, correctivo y evolutivo de tu aplicaci\u00f3n.<\/li><\/ul>\t\t\t\t\t\t\t\t<\/div>\n\t\t\t\t<\/div>\n\t\t\t\t<section class=\"elementor-section elementor-inner-section elementor-element elementor-element-57406ff0 elementor-section-boxed elementor-section-height-default elementor-section-height-default\" data-id=\"57406ff0\" data-element_type=\"section\" data-e-type=\"section\">\n\t\t\t\t\t\t<div class=\"elementor-container elementor-column-gap-default\">\n\t\t\t\t\t<div class=\"elementor-column elementor-col-50 elementor-inner-column elementor-element elementor-element-311cf2c4\" data-id=\"311cf2c4\" data-element_type=\"column\" data-e-type=\"column\">\n\t\t\t<div class=\"elementor-widget-wrap elementor-element-populated\">\n\t\t\t\t\t\t<div class=\"vamtam-has-theme-widget-styles elementor-element elementor-element-71d6fb5a elementor-position-inline-start elementor-view-default elementor-mobile-position-block-start elementor-widget elementor-widget-icon-box\" data-id=\"71d6fb5a\" data-element_type=\"widget\" data-e-type=\"widget\" data-widget_type=\"icon-box.default\">\n\t\t\t\t<div class=\"elementor-widget-container\">\n\t\t\t\t\t\t\t<div class=\"elementor-icon-box-wrapper\">\n\n\t\t\t\t\t\t<div class=\"elementor-icon-box-icon\">\n\t\t\t\t<span  class=\"elementor-icon\">\n\t\t\t\t<svg aria-hidden=\"true\" class=\"e-font-icon-svg e-fas-hand-pointer\" viewbox=\"0 0 448 512\" xmlns=\"http:\/\/www.w3.org\/2000\/svg\"><path d=\"M448 240v96c0 3.084-.356 6.159-1.063 9.162l-32 136C410.686 499.23 394.562 512 376 512H168a40.004 40.004 0 0 1-32.35-16.473l-127.997-176c-12.993-17.866-9.043-42.883 8.822-55.876 17.867-12.994 42.884-9.043 55.877 8.823L104 315.992V40c0-22.091 17.908-40 40-40s40 17.909 40 40v200h8v-40c0-22.091 17.908-40 40-40s40 17.909 40 40v40h8v-24c0-22.091 17.908-40 40-40s40 17.909 40 40v24h8c0-22.091 17.908-40 40-40s40 17.909 40 40zm-256 80h-8v96h8v-96zm88 0h-8v96h8v-96zm88 0h-8v96h8v-96z\"><\/path><\/svg>\t\t\t\t<\/span>\n\t\t\t<\/div>\n\t\t\t\n\t\t\t\t\t\t<div class=\"elementor-icon-box-content\">\n\n\t\t\t\t\t\t\t\t\t<h3 class=\"elementor-icon-box-title\">\n\t\t\t\t\t\t<span  >\n\t\t\t\t\t\t\tScalability\t\t\t\t\t\t<\/span>\n\t\t\t\t\t<\/h3>\n\t\t\t\t\n\t\t\t\t\t\t\t\t\t<p class=\"elementor-icon-box-description\">\n\t\t\t\t\t\tOur solutions are scalable and can grow with your business, ensuring you get the most value from your investment.\t\t\t\t\t<\/p>\n\t\t\t\t\n\t\t\t<\/div>\n\t\t\t\n\t\t<\/div>\n\t\t\t\t\t\t<\/div>\n\t\t\t\t<\/div>\n\t\t\t\t<div class=\"vamtam-has-theme-widget-styles elementor-element elementor-element-593bb677 elementor-position-inline-start elementor-view-default elementor-mobile-position-block-start elementor-widget elementor-widget-icon-box\" data-id=\"593bb677\" data-element_type=\"widget\" data-e-type=\"widget\" data-widget_type=\"icon-box.default\">\n\t\t\t\t<div class=\"elementor-widget-container\">\n\t\t\t\t\t\t\t<div class=\"elementor-icon-box-wrapper\">\n\n\t\t\t\t\t\t<div class=\"elementor-icon-box-icon\">\n\t\t\t\t<span  class=\"elementor-icon\">\n\t\t\t\t<svg aria-hidden=\"true\" class=\"e-font-icon-svg e-fas-code\" viewbox=\"0 0 640 512\" xmlns=\"http:\/\/www.w3.org\/2000\/svg\"><path d=\"M278.9 511.5l-61-17.7c-6.4-1.8-10-8.5-8.2-14.9L346.2 8.7c1.8-6.4 8.5-10 14.9-8.2l61 17.7c6.4 1.8 10 8.5 8.2 14.9L293.8 503.3c-1.9 6.4-8.5 10.1-14.9 8.2zm-114-112.2l43.5-46.4c4.6-4.9 4.3-12.7-.8-17.2L117 256l90.6-79.7c5.1-4.5 5.5-12.3.8-17.2l-43.5-46.4c-4.5-4.8-12.1-5.1-17-.5L3.8 247.2c-5.1 4.7-5.1 12.8 0 17.5l144.1 135.1c4.9 4.6 12.5 4.4 17-.5zm327.2.6l144.1-135.1c5.1-4.7 5.1-12.8 0-17.5L492.1 112.1c-4.8-4.5-12.4-4.3-17 .5L431.6 159c-4.6 4.9-4.3 12.7.8 17.2L523 256l-90.6 79.7c-5.1 4.5-5.5 12.3-.8 17.2l43.5 46.4c4.5 4.9 12.1 5.1 17 .6z\"><\/path><\/svg>\t\t\t\t<\/span>\n\t\t\t<\/div>\n\t\t\t\n\t\t\t\t\t\t<div class=\"elementor-icon-box-content\">\n\n\t\t\t\t\t\t\t\t\t<h3 class=\"elementor-icon-box-title\">\n\t\t\t\t\t\t<span  >\n\t\t\t\t\t\t\tSoftware Personalizado\t\t\t\t\t\t<\/span>\n\t\t\t\t\t<\/h3>\n\t\t\t\t\n\t\t\t\t\t\t\t\t\t<p class=\"elementor-icon-box-description\">\n\t\t\t\t\t\tDise\u00f1o 100% personalizado y desarrollo \u00f3ptimo sin procesos redundantes que cumplir\u00e1n con todas las exigencias de su empresa y permitir\u00e1 modificaciones futuras de acuerdo a su crecimiento y necesidades cambiantes.\t\t\t\t\t<\/p>\n\t\t\t\t\n\t\t\t<\/div>\n\t\t\t\n\t\t<\/div>\n\t\t\t\t\t\t<\/div>\n\t\t\t\t<\/div>\n\t\t\t\t\t<\/div>\n\t\t<\/div>\n\t\t\t\t<div class=\"elementor-column elementor-col-50 elementor-inner-column elementor-element elementor-element-7e576c2b\" data-id=\"7e576c2b\" data-element_type=\"column\" data-e-type=\"column\">\n\t\t\t<div class=\"elementor-widget-wrap elementor-element-populated\">\n\t\t\t\t\t\t<div class=\"vamtam-has-theme-widget-styles elementor-element elementor-element-65bc5f35 elementor-position-inline-start elementor-view-default elementor-mobile-position-block-start elementor-widget elementor-widget-icon-box\" data-id=\"65bc5f35\" data-element_type=\"widget\" data-e-type=\"widget\" data-widget_type=\"icon-box.default\">\n\t\t\t\t<div class=\"elementor-widget-container\">\n\t\t\t\t\t\t\t<div class=\"elementor-icon-box-wrapper\">\n\n\t\t\t\t\t\t<div class=\"elementor-icon-box-icon\">\n\t\t\t\t<span  class=\"elementor-icon\">\n\t\t\t\t<svg aria-hidden=\"true\" class=\"e-font-icon-svg e-fas-microchip\" viewbox=\"0 0 512 512\" xmlns=\"http:\/\/www.w3.org\/2000\/svg\"><path d=\"M416 48v416c0 26.51-21.49 48-48 48H144c-26.51 0-48-21.49-48-48V48c0-26.51 21.49-48 48-48h224c26.51 0 48 21.49 48 48zm96 58v12a6 6 0 0 1-6 6h-18v6a6 6 0 0 1-6 6h-42V88h42a6 6 0 0 1 6 6v6h18a6 6 0 0 1 6 6zm0 96v12a6 6 0 0 1-6 6h-18v6a6 6 0 0 1-6 6h-42v-48h42a6 6 0 0 1 6 6v6h18a6 6 0 0 1 6 6zm0 96v12a6 6 0 0 1-6 6h-18v6a6 6 0 0 1-6 6h-42v-48h42a6 6 0 0 1 6 6v6h18a6 6 0 0 1 6 6zm0 96v12a6 6 0 0 1-6 6h-18v6a6 6 0 0 1-6 6h-42v-48h42a6 6 0 0 1 6 6v6h18a6 6 0 0 1 6 6zM30 376h42v48H30a6 6 0 0 1-6-6v-6H6a6 6 0 0 1-6-6v-12a6 6 0 0 1 6-6h18v-6a6 6 0 0 1 6-6zm0-96h42v48H30a6 6 0 0 1-6-6v-6H6a6 6 0 0 1-6-6v-12a6 6 0 0 1 6-6h18v-6a6 6 0 0 1 6-6zm0-96h42v48H30a6 6 0 0 1-6-6v-6H6a6 6 0 0 1-6-6v-12a6 6 0 0 1 6-6h18v-6a6 6 0 0 1 6-6zm0-96h42v48H30a6 6 0 0 1-6-6v-6H6a6 6 0 0 1-6-6v-12a6 6 0 0 1 6-6h18v-6a6 6 0 0 1 6-6z\"><\/path><\/svg>\t\t\t\t<\/span>\n\t\t\t<\/div>\n\t\t\t\n\t\t\t\t\t\t<div class=\"elementor-icon-box-content\">\n\n\t\t\t\t\t\t\t\t\t<h3 class=\"elementor-icon-box-title\">\n\t\t\t\t\t\t<span  >\n\t\t\t\t\t\t\tIntegraci\u00f3n\t\t\t\t\t\t<\/span>\n\t\t\t\t\t<\/h3>\n\t\t\t\t\n\t\t\t\t\t\t\t\t\t<p class=\"elementor-icon-box-description\">\n\t\t\t\t\t\tEl producto final desarrollado es adaptable perfectamente con el resto de la infraestructura tecnol\u00f3gica y aplicaciones que posea su empresa.\t\t\t\t\t<\/p>\n\t\t\t\t\n\t\t\t<\/div>\n\t\t\t\n\t\t<\/div>\n\t\t\t\t\t\t<\/div>\n\t\t\t\t<\/div>\n\t\t\t\t<div class=\"vamtam-has-theme-widget-styles elementor-element elementor-element-70c4080b elementor-position-inline-start elementor-view-default elementor-mobile-position-block-start elementor-widget elementor-widget-icon-box\" data-id=\"70c4080b\" data-element_type=\"widget\" data-e-type=\"widget\" data-widget_type=\"icon-box.default\">\n\t\t\t\t<div class=\"elementor-widget-container\">\n\t\t\t\t\t\t\t<div class=\"elementor-icon-box-wrapper\">\n\n\t\t\t\t\t\t<div class=\"elementor-icon-box-icon\">\n\t\t\t\t<span  class=\"elementor-icon\">\n\t\t\t\t<svg aria-hidden=\"true\" class=\"e-font-icon-svg e-fas-dollar-sign\" viewbox=\"0 0 288 512\" xmlns=\"http:\/\/www.w3.org\/2000\/svg\"><path d=\"M209.2 233.4l-108-31.6C88.7 198.2 80 186.5 80 173.5c0-16.3 13.2-29.5 29.5-29.5h66.3c12.2 0 24.2 3.7 34.2 10.5 6.1 4.1 14.3 3.1 19.5-2l34.8-34c7.1-6.9 6.1-18.4-1.8-24.5C238 74.8 207.4 64.1 176 64V16c0-8.8-7.2-16-16-16h-32c-8.8 0-16 7.2-16 16v48h-2.5C45.8 64-5.4 118.7.5 183.6c4.2 46.1 39.4 83.6 83.8 96.6l102.5 30c12.5 3.7 21.2 15.3 21.2 28.3 0 16.3-13.2 29.5-29.5 29.5h-66.3C100 368 88 364.3 78 357.5c-6.1-4.1-14.3-3.1-19.5 2l-34.8 34c-7.1 6.9-6.1 18.4 1.8 24.5 24.5 19.2 55.1 29.9 86.5 30v48c0 8.8 7.2 16 16 16h32c8.8 0 16-7.2 16-16v-48.2c46.6-.9 90.3-28.6 105.7-72.7 21.5-61.6-14.6-124.8-72.5-141.7z\"><\/path><\/svg>\t\t\t\t<\/span>\n\t\t\t<\/div>\n\t\t\t\n\t\t\t\t\t\t<div class=\"elementor-icon-box-content\">\n\n\t\t\t\t\t\t\t\t\t<h3 class=\"elementor-icon-box-title\">\n\t\t\t\t\t\t<span  >\n\t\t\t\t\t\t\tCostos \u00d3ptimos\t\t\t\t\t\t<\/span>\n\t\t\t\t\t<\/h3>\n\t\t\t\t\n\t\t\t\t\t\t\t\t\t<p class=\"elementor-icon-box-description\">\n\t\t\t\t\t\tPague solo por lo que necesita. Presupuestamos y desarrollamos solo lo necesario para abarcar las necesidades de cada cliente, quedando un producto 100% funcional y adaptado a las operaciones espec\u00edficas de la empresa.\t\t\t\t\t<\/p>\n\t\t\t\t\n\t\t\t<\/div>\n\t\t\t\n\t\t<\/div>\n\t\t\t\t\t\t<\/div>\n\t\t\t\t<\/div>\n\t\t\t\t\t<\/div>\n\t\t<\/div>\n\t\t\t\t\t<\/div>\n\t\t<\/section>\n\t\t\t\t\t<\/div>\n\t\t<\/div>\n\t\t\t\t<div class=\"elementor-column elementor-col-50 elementor-top-column elementor-element elementor-element-4556fe8d\" data-id=\"4556fe8d\" data-element_type=\"column\" data-e-type=\"column\" data-settings=\"{&quot;background_background&quot;:&quot;classic&quot;}\">\n\t\t\t<div class=\"elementor-widget-wrap elementor-element-populated\">\n\t\t\t\t\t\t<div class=\"elementor-element elementor-element-793718ac elementor-widget elementor-widget-spacer\" data-id=\"793718ac\" data-element_type=\"widget\" data-e-type=\"widget\" data-widget_type=\"spacer.default\">\n\t\t\t\t<div class=\"elementor-widget-container\">\n\t\t\t\t\t\t\t<div class=\"elementor-spacer\">\n\t\t\t<div class=\"elementor-spacer-inner\"><\/div>\n\t\t<\/div>\n\t\t\t\t\t\t<\/div>\n\t\t\t\t<\/div>\n\t\t\t\t\t<\/div>\n\t\t<\/div>\n\t\t\t\t\t<\/div>\n\t\t<\/section>\n\t\t\t\t<section class=\"elementor-section elementor-top-section elementor-element elementor-element-4b91d2fc elementor-section-boxed elementor-section-height-default elementor-section-height-default\" data-id=\"4b91d2fc\" data-element_type=\"section\" data-e-type=\"section\">\n\t\t\t\t\t\t<div class=\"elementor-container elementor-column-gap-default\">\n\t\t\t\t\t<div class=\"elementor-column elementor-col-50 elementor-top-column elementor-element elementor-element-5853fee8\" data-id=\"5853fee8\" data-element_type=\"column\" data-e-type=\"column\" data-settings=\"{&quot;background_background&quot;:&quot;classic&quot;}\">\n\t\t\t<div class=\"elementor-widget-wrap elementor-element-populated\">\n\t\t\t\t\t\t<div class=\"elementor-element elementor-element-3ef1f00b elementor-widget elementor-widget-spacer\" data-id=\"3ef1f00b\" data-element_type=\"widget\" data-e-type=\"widget\" data-widget_type=\"spacer.default\">\n\t\t\t\t<div class=\"elementor-widget-container\">\n\t\t\t\t\t\t\t<div class=\"elementor-spacer\">\n\t\t\t<div class=\"elementor-spacer-inner\"><\/div>\n\t\t<\/div>\n\t\t\t\t\t\t<\/div>\n\t\t\t\t<\/div>\n\t\t\t\t\t<\/div>\n\t\t<\/div>\n\t\t\t\t<div class=\"elementor-column elementor-col-50 elementor-top-column elementor-element elementor-element-2d1431cd\" data-id=\"2d1431cd\" data-element_type=\"column\" data-e-type=\"column\">\n\t\t\t<div class=\"elementor-widget-wrap elementor-element-populated\">\n\t\t\t\t\t\t<div class=\"elementor-element elementor-element-29c373d1 elementor-widget elementor-widget-heading\" data-id=\"29c373d1\" data-element_type=\"widget\" data-e-type=\"widget\" data-widget_type=\"heading.default\">\n\t\t\t\t<div class=\"elementor-widget-container\">\n\t\t\t\t\t<h3 class=\"elementor-heading-title elementor-size-default\">Ahorre Tiempo y Dinero a Largo Plazo<\/h3>\t\t\t\t<\/div>\n\t\t\t\t<\/div>\n\t\t\t\t<div class=\"vamtam-has-theme-widget-styles elementor-element elementor-element-7011fbe3 elementor-widget elementor-widget-text-editor\" data-id=\"7011fbe3\" data-element_type=\"widget\" data-e-type=\"widget\" data-widget_type=\"text-editor.default\">\n\t\t\t\t<div class=\"elementor-widget-container\">\n\t\t\t\t\t\t\t\t\t<p>Nuestros servicios de desarrollo a la medida le permitir\u00e1n concentrarse en su negocio, optimizar sus procesos y transformar sus necesidades en un software personalizado, flexible y escalable que le ayudar\u00e1n a cumplir las metas y cubrir las necesidades cambiantes de su empresa o negocio.<\/p>\t\t\t\t\t\t\t\t<\/div>\n\t\t\t\t<\/div>\n\t\t\t\t<div class=\"vamtam-has-theme-widget-styles elementor-element elementor-element-01bf50b elementor-align-center elementor-widget elementor-widget-button\" data-id=\"01bf50b\" data-element_type=\"widget\" data-e-type=\"widget\" data-widget_type=\"button.default\">\n\t\t\t\t<div class=\"elementor-widget-container\">\n\t\t\t\t\t\t\t\t\t<div class=\"elementor-button-wrapper\">\n\t\t\t\t\t<a class=\"elementor-button elementor-button-link elementor-size-sm\" href=\"#form\">\n\t\t\t\t\t\t<span class=\"elementor-button-content-wrapper\">\n\t\t\t\t\t\t\t\t\t<span class=\"elementor-button-text\">Schedule a Free Meeting<\/span>\n\t\t\t\t\t<\/span>\n\t\t\t\t\t<\/a>\n\t\t\t\t<\/div>\n\t\t\t\t\t\t\t\t<\/div>\n\t\t\t\t<\/div>\n\t\t\t\t\t<\/div>\n\t\t<\/div>\n\t\t\t\t\t<\/div>\n\t\t<\/section>\n\t\t\t\t<\/div>","protected":false},"excerpt":{"rendered":"<p>Somos el equipo perfecto para transformar las necesidades actuales de su negocio en software.<\/p>","protected":false},"author":1,"featured_media":3273,"parent":465,"menu_order":0,"comment_status":"closed","ping_status":"closed","template":"","meta":{"footnotes":""},"class_list":["post-989110","page","type-page","status-publish","has-post-thumbnail","hentry"],"yoast_head":"<!-- This site is optimized with the Yoast SEO plugin v27.6 - https:\/\/yoast.com\/product\/yoast-seo-wordpress\/ -->\n<title>Desarrollo a la Medida - VPD Proyectos y Sistemas<\/title>\n<meta name=\"robots\" content=\"index, follow, max-snippet:-1, max-image-preview:large, max-video-preview:-1\" \/>\n<link rel=\"canonical\" href=\"https:\/\/vpdprosistemas.com\/en\/servicios\/desarrollo-a-la-medida\/\" \/>\n<meta property=\"og:locale\" content=\"en_US\" \/>\n<meta property=\"og:type\" content=\"article\" \/>\n<meta property=\"og:title\" content=\"Desarrollo a la Medida - VPD Proyectos y Sistemas\" \/>\n<meta property=\"og:description\" content=\"Somos el equipo perfecto para transformar las necesidades actuales de su negocio en software.\" \/>\n<meta property=\"og:url\" content=\"https:\/\/vpdprosistemas.com\/en\/servicios\/desarrollo-a-la-medida\/\" \/>\n<meta property=\"og:site_name\" content=\"VPD Proyectos y Sistemas\" \/>\n<meta property=\"article:publisher\" content=\"https:\/\/www.facebook.com\/vpdprosistemassa\/\" \/>\n<meta property=\"article:modified_time\" content=\"2024-04-08T13:16:58+00:00\" \/>\n<meta property=\"og:image\" content=\"https:\/\/vpdprosistemas.com\/wp-content\/uploads\/2023\/03\/GettyImages-1147040712.jpg\" \/>\n\t<meta property=\"og:image:width\" content=\"1682\" \/>\n\t<meta property=\"og:image:height\" content=\"938\" \/>\n\t<meta property=\"og:image:type\" content=\"image\/jpeg\" \/>\n<meta name=\"twitter:card\" content=\"summary_large_image\" \/>\n<meta name=\"twitter:label1\" content=\"Est. reading time\" \/>\n\t<meta name=\"twitter:data1\" content=\"1 minute\" \/>\n<script type=\"application\/ld+json\" class=\"yoast-schema-graph\">{\"@context\":\"https:\\\/\\\/schema.org\",\"@graph\":[{\"@type\":\"WebPage\",\"@id\":\"https:\\\/\\\/vpdprosistemas.com\\\/servicios\\\/desarrollo-a-la-medida\\\/\",\"url\":\"https:\\\/\\\/vpdprosistemas.com\\\/servicios\\\/desarrollo-a-la-medida\\\/\",\"name\":\"Desarrollo a la Medida - VPD Proyectos y Sistemas\",\"isPartOf\":{\"@id\":\"https:\\\/\\\/vpdprosistemas.com\\\/#website\"},\"primaryImageOfPage\":{\"@id\":\"https:\\\/\\\/vpdprosistemas.com\\\/servicios\\\/desarrollo-a-la-medida\\\/#primaryimage\"},\"image\":{\"@id\":\"https:\\\/\\\/vpdprosistemas.com\\\/servicios\\\/desarrollo-a-la-medida\\\/#primaryimage\"},\"thumbnailUrl\":\"https:\\\/\\\/vpdprosistemas.com\\\/wp-content\\\/uploads\\\/2023\\\/03\\\/GettyImages-1147040712.jpg\",\"datePublished\":\"2024-03-26T13:32:15+00:00\",\"dateModified\":\"2024-04-08T13:16:58+00:00\",\"breadcrumb\":{\"@id\":\"https:\\\/\\\/vpdprosistemas.com\\\/servicios\\\/desarrollo-a-la-medida\\\/#breadcrumb\"},\"inLanguage\":\"en-US\",\"potentialAction\":[{\"@type\":\"ReadAction\",\"target\":[\"https:\\\/\\\/vpdprosistemas.com\\\/servicios\\\/desarrollo-a-la-medida\\\/\"]}]},{\"@type\":\"ImageObject\",\"inLanguage\":\"en-US\",\"@id\":\"https:\\\/\\\/vpdprosistemas.com\\\/servicios\\\/desarrollo-a-la-medida\\\/#primaryimage\",\"url\":\"https:\\\/\\\/vpdprosistemas.com\\\/wp-content\\\/uploads\\\/2023\\\/03\\\/GettyImages-1147040712.jpg\",\"contentUrl\":\"https:\\\/\\\/vpdprosistemas.com\\\/wp-content\\\/uploads\\\/2023\\\/03\\\/GettyImages-1147040712.jpg\",\"width\":1682,\"height\":938},{\"@type\":\"BreadcrumbList\",\"@id\":\"https:\\\/\\\/vpdprosistemas.com\\\/servicios\\\/desarrollo-a-la-medida\\\/#breadcrumb\",\"itemListElement\":[{\"@type\":\"ListItem\",\"position\":1,\"name\":\"Home\",\"item\":\"https:\\\/\\\/vpdprosistemas.com\\\/\"},{\"@type\":\"ListItem\",\"position\":2,\"name\":\"Servicios\",\"item\":\"https:\\\/\\\/vpdprosistemas.com\\\/servicios\\\/\"},{\"@type\":\"ListItem\",\"position\":3,\"name\":\"Desarrollo a la Medida\"}]},{\"@type\":\"WebSite\",\"@id\":\"https:\\\/\\\/vpdprosistemas.com\\\/#website\",\"url\":\"https:\\\/\\\/vpdprosistemas.com\\\/\",\"name\":\"VPD Proyectos y Sistemas\",\"description\":\"Empresa de Desarrollo y Tecnolog&iacute;a\",\"publisher\":{\"@id\":\"https:\\\/\\\/vpdprosistemas.com\\\/#organization\"},\"potentialAction\":[{\"@type\":\"SearchAction\",\"target\":{\"@type\":\"EntryPoint\",\"urlTemplate\":\"https:\\\/\\\/vpdprosistemas.com\\\/?s={search_term_string}\"},\"query-input\":{\"@type\":\"PropertyValueSpecification\",\"valueRequired\":true,\"valueName\":\"search_term_string\"}}],\"inLanguage\":\"en-US\"},{\"@type\":\"Organization\",\"@id\":\"https:\\\/\\\/vpdprosistemas.com\\\/#organization\",\"name\":\"VPD Proyectos y Sistemas\",\"url\":\"https:\\\/\\\/vpdprosistemas.com\\\/\",\"logo\":{\"@type\":\"ImageObject\",\"inLanguage\":\"en-US\",\"@id\":\"https:\\\/\\\/vpdprosistemas.com\\\/#\\\/schema\\\/logo\\\/image\\\/\",\"url\":\"https:\\\/\\\/vpdprosistemas.com\\\/wp-content\\\/uploads\\\/2024\\\/04\\\/cropped-logoVpd-1.png\",\"contentUrl\":\"https:\\\/\\\/vpdprosistemas.com\\\/wp-content\\\/uploads\\\/2024\\\/04\\\/cropped-logoVpd-1.png\",\"width\":241,\"height\":117,\"caption\":\"VPD Proyectos y Sistemas\"},\"image\":{\"@id\":\"https:\\\/\\\/vpdprosistemas.com\\\/#\\\/schema\\\/logo\\\/image\\\/\"},\"sameAs\":[\"https:\\\/\\\/www.facebook.com\\\/vpdprosistemassa\\\/\",\"https:\\\/\\\/www.linkedin.com\\\/company\\\/vpdprosistemassa\\\/\"]}]}<\/script>\n<!-- \/ Yoast SEO plugin. -->","yoast_head_json":{"title":"Desarrollo a la Medida - VPD Proyectos y Sistemas","robots":{"index":"index","follow":"follow","max-snippet":"max-snippet:-1","max-image-preview":"max-image-preview:large","max-video-preview":"max-video-preview:-1"},"canonical":"https:\/\/vpdprosistemas.com\/en\/servicios\/desarrollo-a-la-medida\/","og_locale":"en_US","og_type":"article","og_title":"Desarrollo a la Medida - VPD Proyectos y Sistemas","og_description":"Somos el equipo perfecto para transformar las necesidades actuales de su negocio en software.","og_url":"https:\/\/vpdprosistemas.com\/en\/servicios\/desarrollo-a-la-medida\/","og_site_name":"VPD Proyectos y Sistemas","article_publisher":"https:\/\/www.facebook.com\/vpdprosistemassa\/","article_modified_time":"2024-04-08T13:16:58+00:00","og_image":[{"width":1682,"height":938,"url":"https:\/\/vpdprosistemas.com\/wp-content\/uploads\/2023\/03\/GettyImages-1147040712.jpg","type":"image\/jpeg"}],"twitter_card":"summary_large_image","twitter_misc":{"Est. reading time":"1 minute"},"schema":{"@context":"https:\/\/schema.org","@graph":[{"@type":"WebPage","@id":"https:\/\/vpdprosistemas.com\/servicios\/desarrollo-a-la-medida\/","url":"https:\/\/vpdprosistemas.com\/servicios\/desarrollo-a-la-medida\/","name":"Desarrollo a la Medida - VPD Proyectos y Sistemas","isPartOf":{"@id":"https:\/\/vpdprosistemas.com\/#website"},"primaryImageOfPage":{"@id":"https:\/\/vpdprosistemas.com\/servicios\/desarrollo-a-la-medida\/#primaryimage"},"image":{"@id":"https:\/\/vpdprosistemas.com\/servicios\/desarrollo-a-la-medida\/#primaryimage"},"thumbnailUrl":"https:\/\/vpdprosistemas.com\/wp-content\/uploads\/2023\/03\/GettyImages-1147040712.jpg","datePublished":"2024-03-26T13:32:15+00:00","dateModified":"2024-04-08T13:16:58+00:00","breadcrumb":{"@id":"https:\/\/vpdprosistemas.com\/servicios\/desarrollo-a-la-medida\/#breadcrumb"},"inLanguage":"en-US","potentialAction":[{"@type":"ReadAction","target":["https:\/\/vpdprosistemas.com\/servicios\/desarrollo-a-la-medida\/"]}]},{"@type":"ImageObject","inLanguage":"en-US","@id":"https:\/\/vpdprosistemas.com\/servicios\/desarrollo-a-la-medida\/#primaryimage","url":"https:\/\/vpdprosistemas.com\/wp-content\/uploads\/2023\/03\/GettyImages-1147040712.jpg","contentUrl":"https:\/\/vpdprosistemas.com\/wp-content\/uploads\/2023\/03\/GettyImages-1147040712.jpg","width":1682,"height":938},{"@type":"BreadcrumbList","@id":"https:\/\/vpdprosistemas.com\/servicios\/desarrollo-a-la-medida\/#breadcrumb","itemListElement":[{"@type":"ListItem","position":1,"name":"Home","item":"https:\/\/vpdprosistemas.com\/"},{"@type":"ListItem","position":2,"name":"Servicios","item":"https:\/\/vpdprosistemas.com\/servicios\/"},{"@type":"ListItem","position":3,"name":"Desarrollo a la Medida"}]},{"@type":"WebSite","@id":"https:\/\/vpdprosistemas.com\/#website","url":"https:\/\/vpdprosistemas.com\/","name":"VPD Proyectos y Sistemas","description":"Empresa de Desarrollo y Tecnolog&iacute;a","publisher":{"@id":"https:\/\/vpdprosistemas.com\/#organization"},"potentialAction":[{"@type":"SearchAction","target":{"@type":"EntryPoint","urlTemplate":"https:\/\/vpdprosistemas.com\/?s={search_term_string}"},"query-input":{"@type":"PropertyValueSpecification","valueRequired":true,"valueName":"search_term_string"}}],"inLanguage":"en-US"},{"@type":"Organization","@id":"https:\/\/vpdprosistemas.com\/#organization","name":"VPD Proyectos y Sistemas","url":"https:\/\/vpdprosistemas.com\/","logo":{"@type":"ImageObject","inLanguage":"en-US","@id":"https:\/\/vpdprosistemas.com\/#\/schema\/logo\/image\/","url":"https:\/\/vpdprosistemas.com\/wp-content\/uploads\/2024\/04\/cropped-logoVpd-1.png","contentUrl":"https:\/\/vpdprosistemas.com\/wp-content\/uploads\/2024\/04\/cropped-logoVpd-1.png","width":241,"height":117,"caption":"VPD Proyectos y Sistemas"},"image":{"@id":"https:\/\/vpdprosistemas.com\/#\/schema\/logo\/image\/"},"sameAs":["https:\/\/www.facebook.com\/vpdprosistemassa\/","https:\/\/www.linkedin.com\/company\/vpdprosistemassa\/"]}]}},"_links":{"self":[{"href":"https:\/\/vpdprosistemas.com\/en\/wp-json\/wp\/v2\/pages\/989110","targetHints":{"allow":["GET"]}}],"collection":[{"href":"https:\/\/vpdprosistemas.com\/en\/wp-json\/wp\/v2\/pages"}],"about":[{"href":"https:\/\/vpdprosistemas.com\/en\/wp-json\/wp\/v2\/types\/page"}],"author":[{"embeddable":true,"href":"https:\/\/vpdprosistemas.com\/en\/wp-json\/wp\/v2\/users\/1"}],"replies":[{"embeddable":true,"href":"https:\/\/vpdprosistemas.com\/en\/wp-json\/wp\/v2\/comments?post=989110"}],"version-history":[{"count":115,"href":"https:\/\/vpdprosistemas.com\/en\/wp-json\/wp\/v2\/pages\/989110\/revisions"}],"predecessor-version":[{"id":990043,"href":"https:\/\/vpdprosistemas.com\/en\/wp-json\/wp\/v2\/pages\/989110\/revisions\/990043"}],"up":[{"embeddable":true,"href":"https:\/\/vpdprosistemas.com\/en\/wp-json\/wp\/v2\/pages\/465"}],"wp:featuredmedia":[{"embeddable":true,"href":"https:\/\/vpdprosistemas.com\/en\/wp-json\/wp\/v2\/media\/3273"}],"wp:attachment":[{"href":"https:\/\/vpdprosistemas.com\/en\/wp-json\/wp\/v2\/media?parent=989110"}],"curies":[{"name":"wp","href":"https:\/\/api.w.org\/{rel}","templated":true}]}}