{"id":989118,"date":"2024-03-26T13:37:35","date_gmt":"2024-03-26T13:37:35","guid":{"rendered":"https:\/\/vpdprosistemas.com\/?page_id=989118"},"modified":"2025-02-06T01:37:35","modified_gmt":"2025-02-06T01:37:35","slug":"especialistas-en-acselx","status":"publish","type":"page","link":"https:\/\/vpdprosistemas.com\/en\/servicios\/especialistas-en-acselx\/","title":{"rendered":"Acsel\/X Specialists"},"content":{"rendered":"<div data-elementor-type=\"wp-page\" data-elementor-id=\"989118\" class=\"elementor elementor-989118\" data-elementor-post-type=\"page\">\n\t\t\t\t\t\t<section class=\"elementor-section elementor-top-section elementor-element elementor-element-3df32b92 elementor-section-content-middle elementor-reverse-mobile elementor-section-boxed elementor-section-height-default elementor-section-height-default\" data-id=\"3df32b92\" data-element_type=\"section\" data-e-type=\"section\">\n\t\t\t\t\t\t<div class=\"elementor-container elementor-column-gap-no\">\n\t\t\t\t\t<div class=\"elementor-column elementor-col-50 elementor-top-column elementor-element elementor-element-4b421193\" data-id=\"4b421193\" data-element_type=\"column\" data-e-type=\"column\">\n\t\t\t<div class=\"elementor-widget-wrap elementor-element-populated\">\n\t\t\t\t\t\t<div class=\"elementor-element elementor-element-3c3ce7af elementor-widget elementor-widget-heading\" data-id=\"3c3ce7af\" data-element_type=\"widget\" data-e-type=\"widget\" data-widget_type=\"heading.default\">\n\t\t\t\t<div class=\"elementor-widget-container\">\n\t\t\t\t\t<h3 class=\"elementor-heading-title elementor-size-default\">Lo que Define y diferencia a nuestros especialistas en Acsel\/X.<\/h3>\t\t\t\t<\/div>\n\t\t\t\t<\/div>\n\t\t\t\t<div class=\"vamtam-has-theme-widget-styles elementor-element elementor-element-4e1e2371 elementor-widget elementor-widget-text-editor\" data-id=\"4e1e2371\" data-element_type=\"widget\" data-e-type=\"widget\" data-widget_type=\"text-editor.default\">\n\t\t\t\t<div class=\"elementor-widget-container\">\n\t\t\t\t\t\t\t\t\t<ul><li>Expertos en el negocio de seguros y reaseguros de los productos de vida, salud, auto, fianzas y patrimoniales.<\/li><li>Expertos en la aplicaci\u00f3n Acsel\/X con m\u00e1s de 10 a\u00f1os de experiencia comprobada y con participaci\u00f3n en instalaciones y migraciones en varias empresas de Centroam\u00e9rica.<\/li><li>Expertos en Oracle Forms &amp; Reports desde la versi\u00f3n 6i hasta sus versiones m\u00e1s recientes.<\/li><li>Expertos en sql y pl\/sql que har\u00e1n tus procesos mas r\u00e1pidos y sencillos.<\/li><li>Expertos en gesti\u00f3n y manejo de proyectos.<\/li><\/ul>\t\t\t\t\t\t\t\t<\/div>\n\t\t\t\t<\/div>\n\t\t\t\t<section class=\"elementor-section elementor-inner-section elementor-element elementor-element-57406ff0 elementor-section-boxed elementor-section-height-default elementor-section-height-default\" data-id=\"57406ff0\" data-element_type=\"section\" data-e-type=\"section\">\n\t\t\t\t\t\t<div class=\"elementor-container elementor-column-gap-default\">\n\t\t\t\t\t<div class=\"elementor-column elementor-col-50 elementor-inner-column elementor-element elementor-element-311cf2c4\" data-id=\"311cf2c4\" data-element_type=\"column\" data-e-type=\"column\">\n\t\t\t<div class=\"elementor-widget-wrap elementor-element-populated\">\n\t\t\t\t\t\t<div class=\"vamtam-has-theme-widget-styles elementor-element elementor-element-71d6fb5a elementor-position-inline-start elementor-view-default elementor-mobile-position-block-start elementor-widget elementor-widget-icon-box\" data-id=\"71d6fb5a\" data-element_type=\"widget\" data-e-type=\"widget\" data-widget_type=\"icon-box.default\">\n\t\t\t\t<div class=\"elementor-widget-container\">\n\t\t\t\t\t\t\t<div class=\"elementor-icon-box-wrapper\">\n\n\t\t\t\t\t\t<div class=\"elementor-icon-box-icon\">\n\t\t\t\t<span  class=\"elementor-icon\">\n\t\t\t\t<svg aria-hidden=\"true\" class=\"e-font-icon-svg e-far-snowflake\" viewbox=\"0 0 448 512\" xmlns=\"http:\/\/www.w3.org\/2000\/svg\"><path d=\"M440.1 355.2l-39.2-23 34.1-9.3c8.4-2.3 13.4-11.1 11.1-19.6l-4.1-15.5c-2.2-8.5-10.9-13.6-19.3-11.3L343 298.2 271.2 256l71.9-42.2 79.7 21.7c8.4 2.3 17-2.8 19.3-11.3l4.1-15.5c2.2-8.5-2.7-17.3-11.1-19.6l-34.1-9.3 39.2-23c7.5-4.4 10.1-14.2 5.8-21.9l-7.9-13.9c-4.3-7.7-14-10.3-21.5-5.9l-39.2 23 9.1-34.7c2.2-8.5-2.7-17.3-11.1-19.6l-15.2-4.1c-8.4-2.3-17 2.8-19.3 11.3l-21.3 81-71.9 42.2v-84.5L306 70.4c6.1-6.2 6.1-16.4 0-22.6l-11.1-11.3c-6.1-6.2-16.1-6.2-22.2 0l-24.9 25.4V16c0-8.8-7-16-15.7-16h-15.7c-8.7 0-15.7 7.2-15.7 16v46.1l-24.9-25.4c-6.1-6.2-16.1-6.2-22.2 0L142.1 48c-6.1 6.2-6.1 16.4 0 22.6l58.3 59.3v84.5l-71.9-42.2-21.3-81c-2.2-8.5-10.9-13.6-19.3-11.3L72.7 84c-8.4 2.3-13.4 11.1-11.1 19.6l9.1 34.7-39.2-23c-7.5-4.4-17.1-1.8-21.5 5.9l-7.9 13.9c-4.3 7.7-1.8 17.4 5.8 21.9l39.2 23-34.1 9.1c-8.4 2.3-13.4 11.1-11.1 19.6L6 224.2c2.2 8.5 10.9 13.6 19.3 11.3l79.7-21.7 71.9 42.2-71.9 42.2-79.7-21.7c-8.4-2.3-17 2.8-19.3 11.3l-4.1 15.5c-2.2 8.5 2.7 17.3 11.1 19.6l34.1 9.3-39.2 23c-7.5 4.4-10.1 14.2-5.8 21.9L10 391c4.3 7.7 14 10.3 21.5 5.9l39.2-23-9.1 34.7c-2.2 8.5 2.7 17.3 11.1 19.6l15.2 4.1c8.4 2.3 17-2.8 19.3-11.3l21.3-81 71.9-42.2v84.5l-58.3 59.3c-6.1 6.2-6.1 16.4 0 22.6l11.1 11.3c6.1 6.2 16.1 6.2 22.2 0l24.9-25.4V496c0 8.8 7 16 15.7 16h15.7c8.7 0 15.7-7.2 15.7-16v-46.1l24.9 25.4c6.1 6.2 16.1 6.2 22.2 0l11.1-11.3c6.1-6.2 6.1-16.4 0-22.6l-58.3-59.3v-84.5l71.9 42.2 21.3 81c2.2 8.5 10.9 13.6 19.3 11.3L375 428c8.4-2.3 13.4-11.1 11.1-19.6l-9.1-34.7 39.2 23c7.5 4.4 17.1 1.8 21.5-5.9l7.9-13.9c4.6-7.5 2.1-17.3-5.5-21.7z\"><\/path><\/svg>\t\t\t\t<\/span>\n\t\t\t<\/div>\n\t\t\t\n\t\t\t\t\t\t<div class=\"elementor-icon-box-content\">\n\n\t\t\t\t\t\t\t\t\t<h3 class=\"elementor-icon-box-title\">\n\t\t\t\t\t\t<span  >\n\t\t\t\t\t\t\tFlexibilidad\t\t\t\t\t\t<\/span>\n\t\t\t\t\t<\/h3>\n\t\t\t\t\n\t\t\t\t\t\t\t\t\t<p class=\"elementor-icon-box-description\">\n\t\t\t\t\t\tNo importa en que versi\u00f3n de Oracle Forms &amp; Reports est\u00e9 tu aplicaci\u00f3n, nuestro equipo de expertos te ayudar\u00e1n.\t\t\t\t\t<\/p>\n\t\t\t\t\n\t\t\t<\/div>\n\t\t\t\n\t\t<\/div>\n\t\t\t\t\t\t<\/div>\n\t\t\t\t<\/div>\n\t\t\t\t<div class=\"vamtam-has-theme-widget-styles elementor-element elementor-element-593bb677 elementor-position-inline-start elementor-view-default elementor-mobile-position-block-start elementor-widget elementor-widget-icon-box\" data-id=\"593bb677\" data-element_type=\"widget\" data-e-type=\"widget\" data-widget_type=\"icon-box.default\">\n\t\t\t\t<div class=\"elementor-widget-container\">\n\t\t\t\t\t\t\t<div class=\"elementor-icon-box-wrapper\">\n\n\t\t\t\t\t\t<div class=\"elementor-icon-box-icon\">\n\t\t\t\t<span  class=\"elementor-icon\">\n\t\t\t\t<i aria-hidden=\"true\" class=\"vamtamtheme- vamtam-theme-star\"><\/i>\t\t\t\t<\/span>\n\t\t\t<\/div>\n\t\t\t\n\t\t\t\t\t\t<div class=\"elementor-icon-box-content\">\n\n\t\t\t\t\t\t\t\t\t<h3 class=\"elementor-icon-box-title\">\n\t\t\t\t\t\t<span  >\n\t\t\t\t\t\t\tInnovaci\u00f3n\t\t\t\t\t\t<\/span>\n\t\t\t\t\t<\/h3>\n\t\t\t\t\n\t\t\t\t\t\t\t\t\t<p class=\"elementor-icon-box-description\">\n\t\t\t\t\t\tImplementamos las mejoras disponibles en su versi\u00f3n de base de datos y aplicaci\u00f3n para garantizar el m\u00e1ximo aprovechamiento de los recursos tecnol\u00f3gicos disponibles en su empresa.\t\t\t\t\t<\/p>\n\t\t\t\t\n\t\t\t<\/div>\n\t\t\t\n\t\t<\/div>\n\t\t\t\t\t\t<\/div>\n\t\t\t\t<\/div>\n\t\t\t\t\t<\/div>\n\t\t<\/div>\n\t\t\t\t<div class=\"elementor-column elementor-col-50 elementor-inner-column elementor-element elementor-element-7e576c2b\" data-id=\"7e576c2b\" data-element_type=\"column\" data-e-type=\"column\">\n\t\t\t<div class=\"elementor-widget-wrap elementor-element-populated\">\n\t\t\t\t\t\t<div class=\"vamtam-has-theme-widget-styles elementor-element elementor-element-65bc5f35 elementor-position-inline-start elementor-view-default elementor-mobile-position-block-start elementor-widget elementor-widget-icon-box\" data-id=\"65bc5f35\" data-element_type=\"widget\" data-e-type=\"widget\" data-widget_type=\"icon-box.default\">\n\t\t\t\t<div class=\"elementor-widget-container\">\n\t\t\t\t\t\t\t<div class=\"elementor-icon-box-wrapper\">\n\n\t\t\t\t\t\t<div class=\"elementor-icon-box-icon\">\n\t\t\t\t<span  class=\"elementor-icon\">\n\t\t\t\t<svg aria-hidden=\"true\" class=\"e-font-icon-svg e-far-lightbulb\" viewbox=\"0 0 352 512\" xmlns=\"http:\/\/www.w3.org\/2000\/svg\"><path d=\"M176 80c-52.94 0-96 43.06-96 96 0 8.84 7.16 16 16 16s16-7.16 16-16c0-35.3 28.72-64 64-64 8.84 0 16-7.16 16-16s-7.16-16-16-16zM96.06 459.17c0 3.15.93 6.22 2.68 8.84l24.51 36.84c2.97 4.46 7.97 7.14 13.32 7.14h78.85c5.36 0 10.36-2.68 13.32-7.14l24.51-36.84c1.74-2.62 2.67-5.7 2.68-8.84l.05-43.18H96.02l.04 43.18zM176 0C73.72 0 0 82.97 0 176c0 44.37 16.45 84.85 43.56 115.78 16.64 18.99 42.74 58.8 52.42 92.16v.06h48v-.12c-.01-4.77-.72-9.51-2.15-14.07-5.59-17.81-22.82-64.77-62.17-109.67-20.54-23.43-31.52-53.15-31.61-84.14-.2-73.64 59.67-128 127.95-128 70.58 0 128 57.42 128 128 0 30.97-11.24 60.85-31.65 84.14-39.11 44.61-56.42 91.47-62.1 109.46a47.507 47.507 0 0 0-2.22 14.3v.1h48v-.05c9.68-33.37 35.78-73.18 52.42-92.16C335.55 260.85 352 220.37 352 176 352 78.8 273.2 0 176 0z\"><\/path><\/svg>\t\t\t\t<\/span>\n\t\t\t<\/div>\n\t\t\t\n\t\t\t\t\t\t<div class=\"elementor-icon-box-content\">\n\n\t\t\t\t\t\t\t\t\t<h3 class=\"elementor-icon-box-title\">\n\t\t\t\t\t\t<span  >\n\t\t\t\t\t\t\tOptimizaci\u00f3n\t\t\t\t\t\t<\/span>\n\t\t\t\t\t<\/h3>\n\t\t\t\t\n\t\t\t\t\t\t\t\t\t<p class=\"elementor-icon-box-description\">\n\t\t\t\t\t\tNuestros especialistas te ayudar\u00e1n a optimizar el flujo de tus procesos para hacer un negocio de seguros m\u00e1s f\u00e1cil y productivo.\t\t\t\t\t<\/p>\n\t\t\t\t\n\t\t\t<\/div>\n\t\t\t\n\t\t<\/div>\n\t\t\t\t\t\t<\/div>\n\t\t\t\t<\/div>\n\t\t\t\t<div class=\"vamtam-has-theme-widget-styles elementor-element elementor-element-70c4080b elementor-position-inline-start elementor-widget__width-initial elementor-view-default elementor-mobile-position-block-start elementor-widget elementor-widget-icon-box\" data-id=\"70c4080b\" data-element_type=\"widget\" data-e-type=\"widget\" data-widget_type=\"icon-box.default\">\n\t\t\t\t<div class=\"elementor-widget-container\">\n\t\t\t\t\t\t\t<div class=\"elementor-icon-box-wrapper\">\n\n\t\t\t\t\t\t<div class=\"elementor-icon-box-icon\">\n\t\t\t\t<span  class=\"elementor-icon\">\n\t\t\t\t<i aria-hidden=\"true\" class=\"vamtamtheme- vamtam-theme-check-box\"><\/i>\t\t\t\t<\/span>\n\t\t\t<\/div>\n\t\t\t\n\t\t\t\t\t\t<div class=\"elementor-icon-box-content\">\n\n\t\t\t\t\t\t\t\t\t<h3 class=\"elementor-icon-box-title\">\n\t\t\t\t\t\t<span  >\n\t\t\t\t\t\t\tEstamos listos para ayudarte\t\t\t\t\t\t<\/span>\n\t\t\t\t\t<\/h3>\n\t\t\t\t\n\t\t\t\t\t\t\t\t\t<p class=\"elementor-icon-box-description\">\n\t\t\t\t\t\tNuestro equipo de especialistas est\u00e1 listo para atencer incidencias, resolver problemas e implementar nuevas funcionalidades a tu aplicaci\u00f3n de seguros Acsel\/X.\t\t\t\t\t<\/p>\n\t\t\t\t\n\t\t\t<\/div>\n\t\t\t\n\t\t<\/div>\n\t\t\t\t\t\t<\/div>\n\t\t\t\t<\/div>\n\t\t\t\t\t<\/div>\n\t\t<\/div>\n\t\t\t\t\t<\/div>\n\t\t<\/section>\n\t\t\t\t\t<\/div>\n\t\t<\/div>\n\t\t\t\t<div class=\"elementor-column elementor-col-50 elementor-top-column elementor-element elementor-element-4556fe8d\" data-id=\"4556fe8d\" data-element_type=\"column\" data-e-type=\"column\" data-settings=\"{&quot;background_background&quot;:&quot;classic&quot;}\">\n\t\t\t<div class=\"elementor-widget-wrap elementor-element-populated\">\n\t\t\t\t\t\t<div class=\"elementor-element elementor-element-793718ac elementor-widget elementor-widget-spacer\" data-id=\"793718ac\" data-element_type=\"widget\" data-e-type=\"widget\" data-widget_type=\"spacer.default\">\n\t\t\t\t<div class=\"elementor-widget-container\">\n\t\t\t\t\t\t\t<div class=\"elementor-spacer\">\n\t\t\t<div class=\"elementor-spacer-inner\"><\/div>\n\t\t<\/div>\n\t\t\t\t\t\t<\/div>\n\t\t\t\t<\/div>\n\t\t\t\t\t<\/div>\n\t\t<\/div>\n\t\t\t\t\t<\/div>\n\t\t<\/section>\n\t\t\t\t<\/div>","protected":false},"excerpt":{"rendered":"<p>Necesitas expertos en el negocio asegurador y en el sistema de seguros en l\u00ednea Acsel\/X?<\/p>","protected":false},"author":1,"featured_media":3273,"parent":465,"menu_order":0,"comment_status":"closed","ping_status":"closed","template":"","meta":{"footnotes":""},"class_list":["post-989118","page","type-page","status-publish","has-post-thumbnail","hentry"],"yoast_head":"<!-- This site is optimized with the Yoast SEO plugin v27.6 - https:\/\/yoast.com\/product\/yoast-seo-wordpress\/ -->\n<title>Especialistas en Acsel\/X - VPD Proyectos y Sistemas<\/title>\n<meta name=\"robots\" content=\"index, follow, max-snippet:-1, max-image-preview:large, max-video-preview:-1\" \/>\n<link rel=\"canonical\" href=\"https:\/\/vpdprosistemas.com\/en\/servicios\/especialistas-en-acselx\/\" \/>\n<meta property=\"og:locale\" content=\"en_US\" \/>\n<meta property=\"og:type\" content=\"article\" \/>\n<meta property=\"og:title\" content=\"Especialistas en Acsel\/X - VPD Proyectos y Sistemas\" \/>\n<meta property=\"og:description\" content=\"Necesitas expertos en el negocio asegurador y en el sistema de seguros en l\u00ednea Acsel\/X?\" \/>\n<meta property=\"og:url\" content=\"https:\/\/vpdprosistemas.com\/en\/servicios\/especialistas-en-acselx\/\" \/>\n<meta property=\"og:site_name\" content=\"VPD Proyectos y Sistemas\" \/>\n<meta property=\"article:publisher\" content=\"https:\/\/www.facebook.com\/vpdprosistemassa\/\" \/>\n<meta property=\"article:modified_time\" content=\"2025-02-06T01:37:35+00:00\" \/>\n<meta property=\"og:image\" content=\"https:\/\/vpdprosistemas.com\/wp-content\/uploads\/2023\/03\/GettyImages-1147040712.jpg\" \/>\n\t<meta property=\"og:image:width\" content=\"1682\" \/>\n\t<meta property=\"og:image:height\" content=\"938\" \/>\n\t<meta property=\"og:image:type\" content=\"image\/jpeg\" \/>\n<meta name=\"twitter:card\" content=\"summary_large_image\" \/>\n<meta name=\"twitter:label1\" content=\"Est. reading time\" \/>\n\t<meta name=\"twitter:data1\" content=\"1 minute\" \/>\n<script type=\"application\/ld+json\" class=\"yoast-schema-graph\">{\"@context\":\"https:\\\/\\\/schema.org\",\"@graph\":[{\"@type\":\"WebPage\",\"@id\":\"https:\\\/\\\/vpdprosistemas.com\\\/servicios\\\/especialistas-en-acselx\\\/\",\"url\":\"https:\\\/\\\/vpdprosistemas.com\\\/servicios\\\/especialistas-en-acselx\\\/\",\"name\":\"Especialistas en Acsel\\\/X - VPD Proyectos y Sistemas\",\"isPartOf\":{\"@id\":\"https:\\\/\\\/vpdprosistemas.com\\\/#website\"},\"primaryImageOfPage\":{\"@id\":\"https:\\\/\\\/vpdprosistemas.com\\\/servicios\\\/especialistas-en-acselx\\\/#primaryimage\"},\"image\":{\"@id\":\"https:\\\/\\\/vpdprosistemas.com\\\/servicios\\\/especialistas-en-acselx\\\/#primaryimage\"},\"thumbnailUrl\":\"https:\\\/\\\/vpdprosistemas.com\\\/wp-content\\\/uploads\\\/2023\\\/03\\\/GettyImages-1147040712.jpg\",\"datePublished\":\"2024-03-26T13:37:35+00:00\",\"dateModified\":\"2025-02-06T01:37:35+00:00\",\"breadcrumb\":{\"@id\":\"https:\\\/\\\/vpdprosistemas.com\\\/servicios\\\/especialistas-en-acselx\\\/#breadcrumb\"},\"inLanguage\":\"en-US\",\"potentialAction\":[{\"@type\":\"ReadAction\",\"target\":[\"https:\\\/\\\/vpdprosistemas.com\\\/servicios\\\/especialistas-en-acselx\\\/\"]}]},{\"@type\":\"ImageObject\",\"inLanguage\":\"en-US\",\"@id\":\"https:\\\/\\\/vpdprosistemas.com\\\/servicios\\\/especialistas-en-acselx\\\/#primaryimage\",\"url\":\"https:\\\/\\\/vpdprosistemas.com\\\/wp-content\\\/uploads\\\/2023\\\/03\\\/GettyImages-1147040712.jpg\",\"contentUrl\":\"https:\\\/\\\/vpdprosistemas.com\\\/wp-content\\\/uploads\\\/2023\\\/03\\\/GettyImages-1147040712.jpg\",\"width\":1682,\"height\":938},{\"@type\":\"BreadcrumbList\",\"@id\":\"https:\\\/\\\/vpdprosistemas.com\\\/servicios\\\/especialistas-en-acselx\\\/#breadcrumb\",\"itemListElement\":[{\"@type\":\"ListItem\",\"position\":1,\"name\":\"Home\",\"item\":\"https:\\\/\\\/vpdprosistemas.com\\\/\"},{\"@type\":\"ListItem\",\"position\":2,\"name\":\"Servicios\",\"item\":\"https:\\\/\\\/vpdprosistemas.com\\\/servicios\\\/\"},{\"@type\":\"ListItem\",\"position\":3,\"name\":\"Especialistas en Acsel\\\/X\"}]},{\"@type\":\"WebSite\",\"@id\":\"https:\\\/\\\/vpdprosistemas.com\\\/#website\",\"url\":\"https:\\\/\\\/vpdprosistemas.com\\\/\",\"name\":\"VPD Proyectos y Sistemas\",\"description\":\"Empresa de Desarrollo y Tecnolog&iacute;a\",\"publisher\":{\"@id\":\"https:\\\/\\\/vpdprosistemas.com\\\/#organization\"},\"potentialAction\":[{\"@type\":\"SearchAction\",\"target\":{\"@type\":\"EntryPoint\",\"urlTemplate\":\"https:\\\/\\\/vpdprosistemas.com\\\/?s={search_term_string}\"},\"query-input\":{\"@type\":\"PropertyValueSpecification\",\"valueRequired\":true,\"valueName\":\"search_term_string\"}}],\"inLanguage\":\"en-US\"},{\"@type\":\"Organization\",\"@id\":\"https:\\\/\\\/vpdprosistemas.com\\\/#organization\",\"name\":\"VPD Proyectos y Sistemas\",\"url\":\"https:\\\/\\\/vpdprosistemas.com\\\/\",\"logo\":{\"@type\":\"ImageObject\",\"inLanguage\":\"en-US\",\"@id\":\"https:\\\/\\\/vpdprosistemas.com\\\/#\\\/schema\\\/logo\\\/image\\\/\",\"url\":\"https:\\\/\\\/vpdprosistemas.com\\\/wp-content\\\/uploads\\\/2024\\\/04\\\/cropped-logoVpd-1.png\",\"contentUrl\":\"https:\\\/\\\/vpdprosistemas.com\\\/wp-content\\\/uploads\\\/2024\\\/04\\\/cropped-logoVpd-1.png\",\"width\":241,\"height\":117,\"caption\":\"VPD Proyectos y Sistemas\"},\"image\":{\"@id\":\"https:\\\/\\\/vpdprosistemas.com\\\/#\\\/schema\\\/logo\\\/image\\\/\"},\"sameAs\":[\"https:\\\/\\\/www.facebook.com\\\/vpdprosistemassa\\\/\",\"https:\\\/\\\/www.linkedin.com\\\/company\\\/vpdprosistemassa\\\/\"]}]}<\/script>\n<!-- \/ Yoast SEO plugin. -->","yoast_head_json":{"title":"Especialistas en Acsel\/X - VPD Proyectos y Sistemas","robots":{"index":"index","follow":"follow","max-snippet":"max-snippet:-1","max-image-preview":"max-image-preview:large","max-video-preview":"max-video-preview:-1"},"canonical":"https:\/\/vpdprosistemas.com\/en\/servicios\/especialistas-en-acselx\/","og_locale":"en_US","og_type":"article","og_title":"Especialistas en Acsel\/X - VPD Proyectos y Sistemas","og_description":"Necesitas expertos en el negocio asegurador y en el sistema de seguros en l\u00ednea Acsel\/X?","og_url":"https:\/\/vpdprosistemas.com\/en\/servicios\/especialistas-en-acselx\/","og_site_name":"VPD Proyectos y Sistemas","article_publisher":"https:\/\/www.facebook.com\/vpdprosistemassa\/","article_modified_time":"2025-02-06T01:37:35+00:00","og_image":[{"width":1682,"height":938,"url":"https:\/\/vpdprosistemas.com\/wp-content\/uploads\/2023\/03\/GettyImages-1147040712.jpg","type":"image\/jpeg"}],"twitter_card":"summary_large_image","twitter_misc":{"Est. reading time":"1 minute"},"schema":{"@context":"https:\/\/schema.org","@graph":[{"@type":"WebPage","@id":"https:\/\/vpdprosistemas.com\/servicios\/especialistas-en-acselx\/","url":"https:\/\/vpdprosistemas.com\/servicios\/especialistas-en-acselx\/","name":"Especialistas en Acsel\/X - VPD Proyectos y Sistemas","isPartOf":{"@id":"https:\/\/vpdprosistemas.com\/#website"},"primaryImageOfPage":{"@id":"https:\/\/vpdprosistemas.com\/servicios\/especialistas-en-acselx\/#primaryimage"},"image":{"@id":"https:\/\/vpdprosistemas.com\/servicios\/especialistas-en-acselx\/#primaryimage"},"thumbnailUrl":"https:\/\/vpdprosistemas.com\/wp-content\/uploads\/2023\/03\/GettyImages-1147040712.jpg","datePublished":"2024-03-26T13:37:35+00:00","dateModified":"2025-02-06T01:37:35+00:00","breadcrumb":{"@id":"https:\/\/vpdprosistemas.com\/servicios\/especialistas-en-acselx\/#breadcrumb"},"inLanguage":"en-US","potentialAction":[{"@type":"ReadAction","target":["https:\/\/vpdprosistemas.com\/servicios\/especialistas-en-acselx\/"]}]},{"@type":"ImageObject","inLanguage":"en-US","@id":"https:\/\/vpdprosistemas.com\/servicios\/especialistas-en-acselx\/#primaryimage","url":"https:\/\/vpdprosistemas.com\/wp-content\/uploads\/2023\/03\/GettyImages-1147040712.jpg","contentUrl":"https:\/\/vpdprosistemas.com\/wp-content\/uploads\/2023\/03\/GettyImages-1147040712.jpg","width":1682,"height":938},{"@type":"BreadcrumbList","@id":"https:\/\/vpdprosistemas.com\/servicios\/especialistas-en-acselx\/#breadcrumb","itemListElement":[{"@type":"ListItem","position":1,"name":"Home","item":"https:\/\/vpdprosistemas.com\/"},{"@type":"ListItem","position":2,"name":"Servicios","item":"https:\/\/vpdprosistemas.com\/servicios\/"},{"@type":"ListItem","position":3,"name":"Especialistas en Acsel\/X"}]},{"@type":"WebSite","@id":"https:\/\/vpdprosistemas.com\/#website","url":"https:\/\/vpdprosistemas.com\/","name":"VPD Proyectos y Sistemas","description":"Empresa de Desarrollo y Tecnolog&iacute;a","publisher":{"@id":"https:\/\/vpdprosistemas.com\/#organization"},"potentialAction":[{"@type":"SearchAction","target":{"@type":"EntryPoint","urlTemplate":"https:\/\/vpdprosistemas.com\/?s={search_term_string}"},"query-input":{"@type":"PropertyValueSpecification","valueRequired":true,"valueName":"search_term_string"}}],"inLanguage":"en-US"},{"@type":"Organization","@id":"https:\/\/vpdprosistemas.com\/#organization","name":"VPD Proyectos y Sistemas","url":"https:\/\/vpdprosistemas.com\/","logo":{"@type":"ImageObject","inLanguage":"en-US","@id":"https:\/\/vpdprosistemas.com\/#\/schema\/logo\/image\/","url":"https:\/\/vpdprosistemas.com\/wp-content\/uploads\/2024\/04\/cropped-logoVpd-1.png","contentUrl":"https:\/\/vpdprosistemas.com\/wp-content\/uploads\/2024\/04\/cropped-logoVpd-1.png","width":241,"height":117,"caption":"VPD Proyectos y Sistemas"},"image":{"@id":"https:\/\/vpdprosistemas.com\/#\/schema\/logo\/image\/"},"sameAs":["https:\/\/www.facebook.com\/vpdprosistemassa\/","https:\/\/www.linkedin.com\/company\/vpdprosistemassa\/"]}]}},"_links":{"self":[{"href":"https:\/\/vpdprosistemas.com\/en\/wp-json\/wp\/v2\/pages\/989118","targetHints":{"allow":["GET"]}}],"collection":[{"href":"https:\/\/vpdprosistemas.com\/en\/wp-json\/wp\/v2\/pages"}],"about":[{"href":"https:\/\/vpdprosistemas.com\/en\/wp-json\/wp\/v2\/types\/page"}],"author":[{"embeddable":true,"href":"https:\/\/vpdprosistemas.com\/en\/wp-json\/wp\/v2\/users\/1"}],"replies":[{"embeddable":true,"href":"https:\/\/vpdprosistemas.com\/en\/wp-json\/wp\/v2\/comments?post=989118"}],"version-history":[{"count":43,"href":"https:\/\/vpdprosistemas.com\/en\/wp-json\/wp\/v2\/pages\/989118\/revisions"}],"predecessor-version":[{"id":990621,"href":"https:\/\/vpdprosistemas.com\/en\/wp-json\/wp\/v2\/pages\/989118\/revisions\/990621"}],"up":[{"embeddable":true,"href":"https:\/\/vpdprosistemas.com\/en\/wp-json\/wp\/v2\/pages\/465"}],"wp:featuredmedia":[{"embeddable":true,"href":"https:\/\/vpdprosistemas.com\/en\/wp-json\/wp\/v2\/media\/3273"}],"wp:attachment":[{"href":"https:\/\/vpdprosistemas.com\/en\/wp-json\/wp\/v2\/media?parent=989118"}],"curies":[{"name":"wp","href":"https:\/\/api.w.org\/{rel}","templated":true}]}}