{"id":990089,"date":"2024-04-08T21:11:27","date_gmt":"2024-04-08T21:11:27","guid":{"rendered":"https:\/\/vpdprosistemas.com\/?page_id=990089"},"modified":"2025-02-06T01:49:49","modified_gmt":"2025-02-06T01:49:49","slug":"bases-de-datos-virtuales","status":"publish","type":"page","link":"https:\/\/vpdprosistemas.com\/en\/servicios\/bases-de-datos-virtuales\/","title":{"rendered":"Bases de Datos Virtuales"},"content":{"rendered":"<div data-elementor-type=\"wp-page\" data-elementor-id=\"990089\" class=\"elementor elementor-990089\" data-elementor-post-type=\"page\">\n\t\t\t\t\t\t<section class=\"elementor-section elementor-top-section elementor-element elementor-element-3df32b92 elementor-section-content-middle elementor-reverse-mobile elementor-section-boxed elementor-section-height-default elementor-section-height-default\" data-id=\"3df32b92\" data-element_type=\"section\" data-e-type=\"section\">\n\t\t\t\t\t\t<div class=\"elementor-container elementor-column-gap-no\">\n\t\t\t\t\t<div class=\"elementor-column elementor-col-50 elementor-top-column elementor-element elementor-element-4b421193\" data-id=\"4b421193\" data-element_type=\"column\" data-e-type=\"column\">\n\t\t\t<div class=\"elementor-widget-wrap elementor-element-populated\">\n\t\t\t\t\t\t<div class=\"elementor-element elementor-element-3c3ce7af elementor-widget elementor-widget-heading\" data-id=\"3c3ce7af\" data-element_type=\"widget\" data-e-type=\"widget\" data-widget_type=\"heading.default\">\n\t\t\t\t<div class=\"elementor-widget-container\">\n\t\t\t\t\t<h3 class=\"elementor-heading-title elementor-size-default\">Beneficios de implementar bases de datos virtuales privadas de Oracle.<\/h3>\t\t\t\t<\/div>\n\t\t\t\t<\/div>\n\t\t\t\t<div class=\"vamtam-has-theme-widget-styles elementor-element elementor-element-4e1e2371 elementor-widget elementor-widget-text-editor\" data-id=\"4e1e2371\" data-element_type=\"widget\" data-e-type=\"widget\" data-widget_type=\"text-editor.default\">\n\t\t\t\t<div class=\"elementor-widget-container\">\n\t\t\t\t\t\t\t\t\t<p>Sabemos que las empresas necesitan almacenar datos sensibles en tablas de bases de datos y permitir que diferentes usuarios accedan a diferentes conjuntos de datos. Una base de datos privada virtual (VPD) es una caracter\u00edstica de seguridad de la base de datos integrada en un servidor de base de datos Oracle que permite controlar el acceso a los datos mediante pol\u00edticas de seguridad. Al implementar bases de datos virtuales podr\u00e1 asegurar los datos de sus aplicaciones con los siguientes beneficios:<\/p><ul><li>Control sobre el acceso a las tablas de la aplicaci\u00f3n.<\/li><li>Aplicaci\u00f3n de politicas de seguridad para la manipulaci\u00f3n de los datos de su aplicaci\u00f3n (INSERT, SELECT, DELETE, UPDATE).<\/li><li>Filtrar accesos a tablas a nivel de filas y columnas.<\/li><li>Filtrar acceso a datos por usuario, roles y\/o aplicaci\u00f3n.<\/li><li>Establecer un mismo core de negocios para m\u00faltiples compa\u00f1\u00edas y separar los datos l\u00f3gicamente por pol\u00edticas. Ejemplo separar datos por c\u00f3digo de compa\u00f1\u00eda.<\/li><\/ul>\t\t\t\t\t\t\t\t<\/div>\n\t\t\t\t<\/div>\n\t\t\t\t<section class=\"elementor-section elementor-inner-section elementor-element elementor-element-57406ff0 elementor-section-boxed elementor-section-height-default elementor-section-height-default\" data-id=\"57406ff0\" data-element_type=\"section\" data-e-type=\"section\">\n\t\t\t\t\t\t<div class=\"elementor-container elementor-column-gap-default\">\n\t\t\t\t\t<div class=\"elementor-column elementor-col-50 elementor-inner-column elementor-element elementor-element-311cf2c4\" data-id=\"311cf2c4\" data-element_type=\"column\" data-e-type=\"column\">\n\t\t\t<div class=\"elementor-widget-wrap elementor-element-populated\">\n\t\t\t\t\t\t<div class=\"vamtam-has-theme-widget-styles elementor-element elementor-element-71d6fb5a elementor-position-inline-start elementor-view-default elementor-mobile-position-block-start elementor-widget elementor-widget-icon-box\" data-id=\"71d6fb5a\" data-element_type=\"widget\" data-e-type=\"widget\" data-widget_type=\"icon-box.default\">\n\t\t\t\t<div class=\"elementor-widget-container\">\n\t\t\t\t\t\t\t<div class=\"elementor-icon-box-wrapper\">\n\n\t\t\t\t\t\t<div class=\"elementor-icon-box-icon\">\n\t\t\t\t<span  class=\"elementor-icon\">\n\t\t\t\t<i aria-hidden=\"true\" class=\"vamtamtheme- vamtam-theme-check-box\"><\/i>\t\t\t\t<\/span>\n\t\t\t<\/div>\n\t\t\t\n\t\t\t\t\t\t<div class=\"elementor-icon-box-content\">\n\n\t\t\t\t\t\t\t\t\t<h3 class=\"elementor-icon-box-title\">\n\t\t\t\t\t\t<span  >\n\t\t\t\t\t\t\tScalability\t\t\t\t\t\t<\/span>\n\t\t\t\t\t<\/h3>\n\t\t\t\t\n\t\t\t\t\t\t\t\t\t<p class=\"elementor-icon-box-description\">\n\t\t\t\t\t\tLos datos pueden crecer con su negocio y las bases de datos virtuales seguir\u00e1n filtrando y asegurando sus datos sin necesidad de realizar ning\u00fan cambio.\t\t\t\t\t<\/p>\n\t\t\t\t\n\t\t\t<\/div>\n\t\t\t\n\t\t<\/div>\n\t\t\t\t\t\t<\/div>\n\t\t\t\t<\/div>\n\t\t\t\t<div class=\"vamtam-has-theme-widget-styles elementor-element elementor-element-593bb677 elementor-position-inline-start elementor-view-default elementor-mobile-position-block-start elementor-widget elementor-widget-icon-box\" data-id=\"593bb677\" data-element_type=\"widget\" data-e-type=\"widget\" data-widget_type=\"icon-box.default\">\n\t\t\t\t<div class=\"elementor-widget-container\">\n\t\t\t\t\t\t\t<div class=\"elementor-icon-box-wrapper\">\n\n\t\t\t\t\t\t<div class=\"elementor-icon-box-icon\">\n\t\t\t\t<span  class=\"elementor-icon\">\n\t\t\t\t<i aria-hidden=\"true\" class=\"vamtamtheme- vamtam-theme-check-box\"><\/i>\t\t\t\t<\/span>\n\t\t\t<\/div>\n\t\t\t\n\t\t\t\t\t\t<div class=\"elementor-icon-box-content\">\n\n\t\t\t\t\t\t\t\t\t<h3 class=\"elementor-icon-box-title\">\n\t\t\t\t\t\t<span  >\n\t\t\t\t\t\t\tSencillez\t\t\t\t\t\t<\/span>\n\t\t\t\t\t<\/h3>\n\t\t\t\t\n\t\t\t\t\t\t\t\t\t<p class=\"elementor-icon-box-description\">\n\t\t\t\t\t\tRestringir el acceso a datos es cuesti\u00f3n de agregar una pol\u00edtica de seguridad una \u00fanica vez, no requiere cambio alguno en la l\u00f3gica de negocio de sus aplicaciones.\t\t\t\t\t<\/p>\n\t\t\t\t\n\t\t\t<\/div>\n\t\t\t\n\t\t<\/div>\n\t\t\t\t\t\t<\/div>\n\t\t\t\t<\/div>\n\t\t\t\t\t<\/div>\n\t\t<\/div>\n\t\t\t\t<div class=\"elementor-column elementor-col-50 elementor-inner-column elementor-element elementor-element-7e576c2b\" data-id=\"7e576c2b\" data-element_type=\"column\" data-e-type=\"column\">\n\t\t\t<div class=\"elementor-widget-wrap elementor-element-populated\">\n\t\t\t\t\t\t<div class=\"vamtam-has-theme-widget-styles elementor-element elementor-element-65bc5f35 elementor-position-inline-start elementor-view-default elementor-mobile-position-block-start elementor-widget elementor-widget-icon-box\" data-id=\"65bc5f35\" data-element_type=\"widget\" data-e-type=\"widget\" data-widget_type=\"icon-box.default\">\n\t\t\t\t<div class=\"elementor-widget-container\">\n\t\t\t\t\t\t\t<div class=\"elementor-icon-box-wrapper\">\n\n\t\t\t\t\t\t<div class=\"elementor-icon-box-icon\">\n\t\t\t\t<span  class=\"elementor-icon\">\n\t\t\t\t<i aria-hidden=\"true\" class=\"vamtamtheme- vamtam-theme-check-box\"><\/i>\t\t\t\t<\/span>\n\t\t\t<\/div>\n\t\t\t\n\t\t\t\t\t\t<div class=\"elementor-icon-box-content\">\n\n\t\t\t\t\t\t\t\t\t<h3 class=\"elementor-icon-box-title\">\n\t\t\t\t\t\t<span  >\n\t\t\t\t\t\t\tSecurity\t\t\t\t\t\t<\/span>\n\t\t\t\t\t<\/h3>\n\t\t\t\t\n\t\t\t\t\t\t\t\t\t<p class=\"elementor-icon-box-description\">\n\t\t\t\t\t\tLa seguridad la establece el propio servidor de base de datos ya que cada pol\u00edtica de seguridad est\u00e1 adjunta a los datos, por lo que es imposible evadirlas.\t\t\t\t\t<\/p>\n\t\t\t\t\n\t\t\t<\/div>\n\t\t\t\n\t\t<\/div>\n\t\t\t\t\t\t<\/div>\n\t\t\t\t<\/div>\n\t\t\t\t<div class=\"vamtam-has-theme-widget-styles elementor-element elementor-element-70c4080b elementor-position-inline-start elementor-view-default elementor-mobile-position-block-start elementor-widget elementor-widget-icon-box\" data-id=\"70c4080b\" data-element_type=\"widget\" data-e-type=\"widget\" data-widget_type=\"icon-box.default\">\n\t\t\t\t<div class=\"elementor-widget-container\">\n\t\t\t\t\t\t\t<div class=\"elementor-icon-box-wrapper\">\n\n\t\t\t\t\t\t<div class=\"elementor-icon-box-icon\">\n\t\t\t\t<span  class=\"elementor-icon\">\n\t\t\t\t<i aria-hidden=\"true\" class=\"vamtamtheme- vamtam-theme-check-box\"><\/i>\t\t\t\t<\/span>\n\t\t\t<\/div>\n\t\t\t\n\t\t\t\t\t\t<div class=\"elementor-icon-box-content\">\n\n\t\t\t\t\t\t\t\t\t<h3 class=\"elementor-icon-box-title\">\n\t\t\t\t\t\t<span  >\n\t\t\t\t\t\t\tFlexibilidad\t\t\t\t\t\t<\/span>\n\t\t\t\t\t<\/h3>\n\t\t\t\t\n\t\t\t\t\t\t\t\t\t<p class=\"elementor-icon-box-description\">\n\t\t\t\t\t\tPuede tener una pol\u00edtica de seguridad para declaraciones SELECT, otra para declaraciones INSERT y otras m\u00e1s para declaraciones UPDATE y DELETE.\t\t\t\t\t<\/p>\n\t\t\t\t\n\t\t\t<\/div>\n\t\t\t\n\t\t<\/div>\n\t\t\t\t\t\t<\/div>\n\t\t\t\t<\/div>\n\t\t\t\t\t<\/div>\n\t\t<\/div>\n\t\t\t\t\t<\/div>\n\t\t<\/section>\n\t\t\t\t\t<\/div>\n\t\t<\/div>\n\t\t\t\t<div class=\"elementor-column elementor-col-50 elementor-top-column elementor-element elementor-element-4556fe8d\" data-id=\"4556fe8d\" data-element_type=\"column\" data-e-type=\"column\" data-settings=\"{&quot;background_background&quot;:&quot;classic&quot;}\">\n\t\t\t<div class=\"elementor-widget-wrap elementor-element-populated\">\n\t\t\t\t\t\t<div class=\"elementor-element elementor-element-793718ac elementor-widget elementor-widget-spacer\" data-id=\"793718ac\" data-element_type=\"widget\" data-e-type=\"widget\" data-widget_type=\"spacer.default\">\n\t\t\t\t<div class=\"elementor-widget-container\">\n\t\t\t\t\t\t\t<div class=\"elementor-spacer\">\n\t\t\t<div class=\"elementor-spacer-inner\"><\/div>\n\t\t<\/div>\n\t\t\t\t\t\t<\/div>\n\t\t\t\t<\/div>\n\t\t\t\t\t<\/div>\n\t\t<\/div>\n\t\t\t\t\t<\/div>\n\t\t<\/section>\n\t\t\t\t<section class=\"elementor-section elementor-top-section elementor-element elementor-element-4b91d2fc elementor-section-boxed elementor-section-height-default elementor-section-height-default\" data-id=\"4b91d2fc\" data-element_type=\"section\" data-e-type=\"section\">\n\t\t\t\t\t\t<div class=\"elementor-container elementor-column-gap-default\">\n\t\t\t\t\t<div class=\"elementor-column elementor-col-50 elementor-top-column elementor-element elementor-element-5853fee8\" data-id=\"5853fee8\" data-element_type=\"column\" data-e-type=\"column\" data-settings=\"{&quot;background_background&quot;:&quot;classic&quot;}\">\n\t\t\t<div class=\"elementor-widget-wrap elementor-element-populated\">\n\t\t\t\t\t\t<div class=\"elementor-element elementor-element-3ef1f00b elementor-widget elementor-widget-spacer\" data-id=\"3ef1f00b\" data-element_type=\"widget\" data-e-type=\"widget\" data-widget_type=\"spacer.default\">\n\t\t\t\t<div class=\"elementor-widget-container\">\n\t\t\t\t\t\t\t<div class=\"elementor-spacer\">\n\t\t\t<div class=\"elementor-spacer-inner\"><\/div>\n\t\t<\/div>\n\t\t\t\t\t\t<\/div>\n\t\t\t\t<\/div>\n\t\t\t\t\t<\/div>\n\t\t<\/div>\n\t\t\t\t<div class=\"elementor-column elementor-col-50 elementor-top-column elementor-element elementor-element-2d1431cd\" data-id=\"2d1431cd\" data-element_type=\"column\" data-e-type=\"column\">\n\t\t\t<div class=\"elementor-widget-wrap elementor-element-populated\">\n\t\t\t\t\t\t<div class=\"elementor-element elementor-element-29c373d1 elementor-widget elementor-widget-heading\" data-id=\"29c373d1\" data-element_type=\"widget\" data-e-type=\"widget\" data-widget_type=\"heading.default\">\n\t\t\t\t<div class=\"elementor-widget-container\">\n\t\t\t\t\t<h3 class=\"elementor-heading-title elementor-size-default\">\u00a1Controle y Asegure el Acceso a Los Datos de Sus Aplicaciones!<\/h3>\t\t\t\t<\/div>\n\t\t\t\t<\/div>\n\t\t\t\t<div class=\"vamtam-has-theme-widget-styles elementor-element elementor-element-7011fbe3 elementor-widget elementor-widget-text-editor\" data-id=\"7011fbe3\" data-element_type=\"widget\" data-e-type=\"widget\" data-widget_type=\"text-editor.default\">\n\t\t\t\t<div class=\"elementor-widget-container\">\n\t\t\t\t\t\t\t\t\t<p>Gane tranquilidad y asegure sus datos de manera sencilla. Ases\u00f3rese con nuestros expertos quienes realizar\u00e1n un estudio a su base de datos y le ayudar\u00e1n a crear las pol\u00edticas de seguridad necesarias para implementar bases de datos virtuales en su servidor de base de datos Oracle.<\/p>\t\t\t\t\t\t\t\t<\/div>\n\t\t\t\t<\/div>\n\t\t\t\t\t<\/div>\n\t\t<\/div>\n\t\t\t\t\t<\/div>\n\t\t<\/section>\n\t\t\t\t<\/div>","protected":false},"excerpt":{"rendered":"<p>\u00bfQuiere filtrar el acceso y separar l\u00f3gicamente los datos de su aplicaci\u00f3n? <\/p>","protected":false},"author":1,"featured_media":3273,"parent":465,"menu_order":0,"comment_status":"closed","ping_status":"closed","template":"","meta":{"footnotes":""},"class_list":["post-990089","page","type-page","status-publish","has-post-thumbnail","hentry"],"yoast_head":"<!-- This site is optimized with the Yoast SEO plugin v27.6 - https:\/\/yoast.com\/product\/yoast-seo-wordpress\/ -->\n<title>Bases de Datos Virtuales - VPD Proyectos y Sistemas<\/title>\n<meta name=\"robots\" content=\"index, follow, max-snippet:-1, max-image-preview:large, max-video-preview:-1\" \/>\n<link rel=\"canonical\" href=\"https:\/\/vpdprosistemas.com\/en\/servicios\/bases-de-datos-virtuales\/\" \/>\n<meta property=\"og:locale\" content=\"en_US\" \/>\n<meta property=\"og:type\" content=\"article\" \/>\n<meta property=\"og:title\" content=\"Bases de Datos Virtuales - VPD Proyectos y Sistemas\" \/>\n<meta property=\"og:description\" content=\"\u00bfQuiere filtrar el acceso y separar l\u00f3gicamente los datos de su aplicaci\u00f3n?\" \/>\n<meta property=\"og:url\" content=\"https:\/\/vpdprosistemas.com\/en\/servicios\/bases-de-datos-virtuales\/\" \/>\n<meta property=\"og:site_name\" content=\"VPD Proyectos y Sistemas\" \/>\n<meta property=\"article:publisher\" content=\"https:\/\/www.facebook.com\/vpdprosistemassa\/\" \/>\n<meta property=\"article:modified_time\" content=\"2025-02-06T01:49:49+00:00\" \/>\n<meta property=\"og:image\" content=\"https:\/\/vpdprosistemas.com\/wp-content\/uploads\/2023\/03\/GettyImages-1147040712.jpg\" \/>\n\t<meta property=\"og:image:width\" content=\"1682\" \/>\n\t<meta property=\"og:image:height\" content=\"938\" \/>\n\t<meta property=\"og:image:type\" content=\"image\/jpeg\" \/>\n<meta name=\"twitter:card\" content=\"summary_large_image\" \/>\n<meta name=\"twitter:label1\" content=\"Est. reading time\" \/>\n\t<meta name=\"twitter:data1\" content=\"1 minute\" \/>\n<script type=\"application\/ld+json\" class=\"yoast-schema-graph\">{\"@context\":\"https:\\\/\\\/schema.org\",\"@graph\":[{\"@type\":\"WebPage\",\"@id\":\"https:\\\/\\\/vpdprosistemas.com\\\/servicios\\\/bases-de-datos-virtuales\\\/\",\"url\":\"https:\\\/\\\/vpdprosistemas.com\\\/servicios\\\/bases-de-datos-virtuales\\\/\",\"name\":\"Bases de Datos Virtuales - VPD Proyectos y Sistemas\",\"isPartOf\":{\"@id\":\"https:\\\/\\\/vpdprosistemas.com\\\/#website\"},\"primaryImageOfPage\":{\"@id\":\"https:\\\/\\\/vpdprosistemas.com\\\/servicios\\\/bases-de-datos-virtuales\\\/#primaryimage\"},\"image\":{\"@id\":\"https:\\\/\\\/vpdprosistemas.com\\\/servicios\\\/bases-de-datos-virtuales\\\/#primaryimage\"},\"thumbnailUrl\":\"https:\\\/\\\/vpdprosistemas.com\\\/wp-content\\\/uploads\\\/2023\\\/03\\\/GettyImages-1147040712.jpg\",\"datePublished\":\"2024-04-08T21:11:27+00:00\",\"dateModified\":\"2025-02-06T01:49:49+00:00\",\"breadcrumb\":{\"@id\":\"https:\\\/\\\/vpdprosistemas.com\\\/servicios\\\/bases-de-datos-virtuales\\\/#breadcrumb\"},\"inLanguage\":\"en-US\",\"potentialAction\":[{\"@type\":\"ReadAction\",\"target\":[\"https:\\\/\\\/vpdprosistemas.com\\\/servicios\\\/bases-de-datos-virtuales\\\/\"]}]},{\"@type\":\"ImageObject\",\"inLanguage\":\"en-US\",\"@id\":\"https:\\\/\\\/vpdprosistemas.com\\\/servicios\\\/bases-de-datos-virtuales\\\/#primaryimage\",\"url\":\"https:\\\/\\\/vpdprosistemas.com\\\/wp-content\\\/uploads\\\/2023\\\/03\\\/GettyImages-1147040712.jpg\",\"contentUrl\":\"https:\\\/\\\/vpdprosistemas.com\\\/wp-content\\\/uploads\\\/2023\\\/03\\\/GettyImages-1147040712.jpg\",\"width\":1682,\"height\":938},{\"@type\":\"BreadcrumbList\",\"@id\":\"https:\\\/\\\/vpdprosistemas.com\\\/servicios\\\/bases-de-datos-virtuales\\\/#breadcrumb\",\"itemListElement\":[{\"@type\":\"ListItem\",\"position\":1,\"name\":\"Home\",\"item\":\"https:\\\/\\\/vpdprosistemas.com\\\/\"},{\"@type\":\"ListItem\",\"position\":2,\"name\":\"Servicios\",\"item\":\"https:\\\/\\\/vpdprosistemas.com\\\/servicios\\\/\"},{\"@type\":\"ListItem\",\"position\":3,\"name\":\"Bases de Datos Virtuales\"}]},{\"@type\":\"WebSite\",\"@id\":\"https:\\\/\\\/vpdprosistemas.com\\\/#website\",\"url\":\"https:\\\/\\\/vpdprosistemas.com\\\/\",\"name\":\"VPD Proyectos y Sistemas\",\"description\":\"Empresa de Desarrollo y Tecnolog&iacute;a\",\"publisher\":{\"@id\":\"https:\\\/\\\/vpdprosistemas.com\\\/#organization\"},\"potentialAction\":[{\"@type\":\"SearchAction\",\"target\":{\"@type\":\"EntryPoint\",\"urlTemplate\":\"https:\\\/\\\/vpdprosistemas.com\\\/?s={search_term_string}\"},\"query-input\":{\"@type\":\"PropertyValueSpecification\",\"valueRequired\":true,\"valueName\":\"search_term_string\"}}],\"inLanguage\":\"en-US\"},{\"@type\":\"Organization\",\"@id\":\"https:\\\/\\\/vpdprosistemas.com\\\/#organization\",\"name\":\"VPD Proyectos y Sistemas\",\"url\":\"https:\\\/\\\/vpdprosistemas.com\\\/\",\"logo\":{\"@type\":\"ImageObject\",\"inLanguage\":\"en-US\",\"@id\":\"https:\\\/\\\/vpdprosistemas.com\\\/#\\\/schema\\\/logo\\\/image\\\/\",\"url\":\"https:\\\/\\\/vpdprosistemas.com\\\/wp-content\\\/uploads\\\/2024\\\/04\\\/cropped-logoVpd-1.png\",\"contentUrl\":\"https:\\\/\\\/vpdprosistemas.com\\\/wp-content\\\/uploads\\\/2024\\\/04\\\/cropped-logoVpd-1.png\",\"width\":241,\"height\":117,\"caption\":\"VPD Proyectos y Sistemas\"},\"image\":{\"@id\":\"https:\\\/\\\/vpdprosistemas.com\\\/#\\\/schema\\\/logo\\\/image\\\/\"},\"sameAs\":[\"https:\\\/\\\/www.facebook.com\\\/vpdprosistemassa\\\/\",\"https:\\\/\\\/www.linkedin.com\\\/company\\\/vpdprosistemassa\\\/\"]}]}<\/script>\n<!-- \/ Yoast SEO plugin. -->","yoast_head_json":{"title":"Bases de Datos Virtuales - VPD Proyectos y Sistemas","robots":{"index":"index","follow":"follow","max-snippet":"max-snippet:-1","max-image-preview":"max-image-preview:large","max-video-preview":"max-video-preview:-1"},"canonical":"https:\/\/vpdprosistemas.com\/en\/servicios\/bases-de-datos-virtuales\/","og_locale":"en_US","og_type":"article","og_title":"Bases de Datos Virtuales - VPD Proyectos y Sistemas","og_description":"\u00bfQuiere filtrar el acceso y separar l\u00f3gicamente los datos de su aplicaci\u00f3n?","og_url":"https:\/\/vpdprosistemas.com\/en\/servicios\/bases-de-datos-virtuales\/","og_site_name":"VPD Proyectos y Sistemas","article_publisher":"https:\/\/www.facebook.com\/vpdprosistemassa\/","article_modified_time":"2025-02-06T01:49:49+00:00","og_image":[{"width":1682,"height":938,"url":"https:\/\/vpdprosistemas.com\/wp-content\/uploads\/2023\/03\/GettyImages-1147040712.jpg","type":"image\/jpeg"}],"twitter_card":"summary_large_image","twitter_misc":{"Est. reading time":"1 minute"},"schema":{"@context":"https:\/\/schema.org","@graph":[{"@type":"WebPage","@id":"https:\/\/vpdprosistemas.com\/servicios\/bases-de-datos-virtuales\/","url":"https:\/\/vpdprosistemas.com\/servicios\/bases-de-datos-virtuales\/","name":"Bases de Datos Virtuales - VPD Proyectos y Sistemas","isPartOf":{"@id":"https:\/\/vpdprosistemas.com\/#website"},"primaryImageOfPage":{"@id":"https:\/\/vpdprosistemas.com\/servicios\/bases-de-datos-virtuales\/#primaryimage"},"image":{"@id":"https:\/\/vpdprosistemas.com\/servicios\/bases-de-datos-virtuales\/#primaryimage"},"thumbnailUrl":"https:\/\/vpdprosistemas.com\/wp-content\/uploads\/2023\/03\/GettyImages-1147040712.jpg","datePublished":"2024-04-08T21:11:27+00:00","dateModified":"2025-02-06T01:49:49+00:00","breadcrumb":{"@id":"https:\/\/vpdprosistemas.com\/servicios\/bases-de-datos-virtuales\/#breadcrumb"},"inLanguage":"en-US","potentialAction":[{"@type":"ReadAction","target":["https:\/\/vpdprosistemas.com\/servicios\/bases-de-datos-virtuales\/"]}]},{"@type":"ImageObject","inLanguage":"en-US","@id":"https:\/\/vpdprosistemas.com\/servicios\/bases-de-datos-virtuales\/#primaryimage","url":"https:\/\/vpdprosistemas.com\/wp-content\/uploads\/2023\/03\/GettyImages-1147040712.jpg","contentUrl":"https:\/\/vpdprosistemas.com\/wp-content\/uploads\/2023\/03\/GettyImages-1147040712.jpg","width":1682,"height":938},{"@type":"BreadcrumbList","@id":"https:\/\/vpdprosistemas.com\/servicios\/bases-de-datos-virtuales\/#breadcrumb","itemListElement":[{"@type":"ListItem","position":1,"name":"Home","item":"https:\/\/vpdprosistemas.com\/"},{"@type":"ListItem","position":2,"name":"Servicios","item":"https:\/\/vpdprosistemas.com\/servicios\/"},{"@type":"ListItem","position":3,"name":"Bases de Datos Virtuales"}]},{"@type":"WebSite","@id":"https:\/\/vpdprosistemas.com\/#website","url":"https:\/\/vpdprosistemas.com\/","name":"VPD Proyectos y Sistemas","description":"Empresa de Desarrollo y Tecnolog&iacute;a","publisher":{"@id":"https:\/\/vpdprosistemas.com\/#organization"},"potentialAction":[{"@type":"SearchAction","target":{"@type":"EntryPoint","urlTemplate":"https:\/\/vpdprosistemas.com\/?s={search_term_string}"},"query-input":{"@type":"PropertyValueSpecification","valueRequired":true,"valueName":"search_term_string"}}],"inLanguage":"en-US"},{"@type":"Organization","@id":"https:\/\/vpdprosistemas.com\/#organization","name":"VPD Proyectos y Sistemas","url":"https:\/\/vpdprosistemas.com\/","logo":{"@type":"ImageObject","inLanguage":"en-US","@id":"https:\/\/vpdprosistemas.com\/#\/schema\/logo\/image\/","url":"https:\/\/vpdprosistemas.com\/wp-content\/uploads\/2024\/04\/cropped-logoVpd-1.png","contentUrl":"https:\/\/vpdprosistemas.com\/wp-content\/uploads\/2024\/04\/cropped-logoVpd-1.png","width":241,"height":117,"caption":"VPD Proyectos y Sistemas"},"image":{"@id":"https:\/\/vpdprosistemas.com\/#\/schema\/logo\/image\/"},"sameAs":["https:\/\/www.facebook.com\/vpdprosistemassa\/","https:\/\/www.linkedin.com\/company\/vpdprosistemassa\/"]}]}},"_links":{"self":[{"href":"https:\/\/vpdprosistemas.com\/en\/wp-json\/wp\/v2\/pages\/990089","targetHints":{"allow":["GET"]}}],"collection":[{"href":"https:\/\/vpdprosistemas.com\/en\/wp-json\/wp\/v2\/pages"}],"about":[{"href":"https:\/\/vpdprosistemas.com\/en\/wp-json\/wp\/v2\/types\/page"}],"author":[{"embeddable":true,"href":"https:\/\/vpdprosistemas.com\/en\/wp-json\/wp\/v2\/users\/1"}],"replies":[{"embeddable":true,"href":"https:\/\/vpdprosistemas.com\/en\/wp-json\/wp\/v2\/comments?post=990089"}],"version-history":[{"count":41,"href":"https:\/\/vpdprosistemas.com\/en\/wp-json\/wp\/v2\/pages\/990089\/revisions"}],"predecessor-version":[{"id":990637,"href":"https:\/\/vpdprosistemas.com\/en\/wp-json\/wp\/v2\/pages\/990089\/revisions\/990637"}],"up":[{"embeddable":true,"href":"https:\/\/vpdprosistemas.com\/en\/wp-json\/wp\/v2\/pages\/465"}],"wp:featuredmedia":[{"embeddable":true,"href":"https:\/\/vpdprosistemas.com\/en\/wp-json\/wp\/v2\/media\/3273"}],"wp:attachment":[{"href":"https:\/\/vpdprosistemas.com\/en\/wp-json\/wp\/v2\/media?parent=990089"}],"curies":[{"name":"wp","href":"https:\/\/api.w.org\/{rel}","templated":true}]}}