{"id":990392,"date":"2024-04-19T19:31:48","date_gmt":"2024-04-19T19:31:48","guid":{"rendered":"https:\/\/vpdprosistemas.com\/?page_id=990392"},"modified":"2025-02-06T01:21:52","modified_gmt":"2025-02-06T01:21:52","slug":"vpd-service-desk","status":"publish","type":"page","link":"https:\/\/vpdprosistemas.com\/en\/servicios\/vpd-service-desk\/","title":{"rendered":"VPD Service Desk"},"content":{"rendered":"<div data-elementor-type=\"wp-page\" data-elementor-id=\"990392\" class=\"elementor elementor-990392\" data-elementor-post-type=\"page\">\n\t\t\t\t\t\t<section class=\"elementor-section elementor-top-section elementor-element elementor-element-3df32b92 elementor-section-content-middle elementor-reverse-mobile elementor-section-boxed elementor-section-height-default elementor-section-height-default\" data-id=\"3df32b92\" data-element_type=\"section\" data-e-type=\"section\">\n\t\t\t\t\t\t<div class=\"elementor-container elementor-column-gap-no\">\n\t\t\t\t\t<div class=\"elementor-column elementor-col-50 elementor-top-column elementor-element elementor-element-4b421193\" data-id=\"4b421193\" data-element_type=\"column\" data-e-type=\"column\">\n\t\t\t<div class=\"elementor-widget-wrap elementor-element-populated\">\n\t\t\t\t\t\t<div class=\"elementor-element elementor-element-3c3ce7af elementor-widget elementor-widget-heading\" data-id=\"3c3ce7af\" data-element_type=\"widget\" data-e-type=\"widget\" data-widget_type=\"heading.default\">\n\t\t\t\t<div class=\"elementor-widget-container\">\n\t\t\t\t\t<h3 class=\"elementor-heading-title elementor-size-default\">Beneficios de VPD Service Desk<\/h3>\t\t\t\t<\/div>\n\t\t\t\t<\/div>\n\t\t\t\t<div class=\"vamtam-has-theme-widget-styles elementor-element elementor-element-4e1e2371 elementor-widget elementor-widget-text-editor\" data-id=\"4e1e2371\" data-element_type=\"widget\" data-e-type=\"widget\" data-widget_type=\"text-editor.default\">\n\t\t\t\t<div class=\"elementor-widget-container\">\n\t\t\t\t\t\t\t\t\t<p>Nuestra Aplicaci\u00f3n Web le permitir\u00e1 Gestionar sus incidentes, requerimientos y solicitudes de cambio mediante flujos configurables y con notificaciones personalizadas que le ayudar\u00e1n con el seguimiento de cada una de sus gestiones:<\/p><ul><li>Olv\u00eddese del uso de aplicaciones FTP para subir objetos a sus aplicaciones.<\/li><li>Cree y configure un repositorio de objetos para cada una de sus aplicaciones<\/li><li>Configure estados, roles y actividades permitidas por estatus en sus solicitudes de cambio.<\/li><li>Personalice el flujo de sus solicitudes de cambio, incidentes y requerimientos.<\/li><li>Adjunte objetos a sus solicitudes de cambio.<\/li><li>Implemente las solicitudes de cambio en los ambientes configurados con tan solo un click.<\/li><li>Reverse una implementaci\u00f3n de un objeto con tan solo un click.<\/li><li>Versione autom\u00e1ticamente los objetos implementados con tan solo una configuraci\u00f3n.<\/li><li>Maximice potencialmente sus procesos internos de TI.<\/li><\/ul>\t\t\t\t\t\t\t\t<\/div>\n\t\t\t\t<\/div>\n\t\t\t\t<section class=\"elementor-section elementor-inner-section elementor-element elementor-element-57406ff0 elementor-section-boxed elementor-section-height-default elementor-section-height-default\" data-id=\"57406ff0\" data-element_type=\"section\" data-e-type=\"section\">\n\t\t\t\t\t\t<div class=\"elementor-container elementor-column-gap-default\">\n\t\t\t\t\t<div class=\"elementor-column elementor-col-50 elementor-inner-column elementor-element elementor-element-311cf2c4\" data-id=\"311cf2c4\" data-element_type=\"column\" data-e-type=\"column\">\n\t\t\t<div class=\"elementor-widget-wrap elementor-element-populated\">\n\t\t\t\t\t\t<div class=\"vamtam-has-theme-widget-styles elementor-element elementor-element-71d6fb5a elementor-position-inline-start elementor-view-default elementor-mobile-position-block-start elementor-widget elementor-widget-icon-box\" data-id=\"71d6fb5a\" data-element_type=\"widget\" data-e-type=\"widget\" data-widget_type=\"icon-box.default\">\n\t\t\t\t<div class=\"elementor-widget-container\">\n\t\t\t\t\t\t\t<div class=\"elementor-icon-box-wrapper\">\n\n\t\t\t\t\t\t<div class=\"elementor-icon-box-icon\">\n\t\t\t\t<span  class=\"elementor-icon\">\n\t\t\t\t<i aria-hidden=\"true\" class=\"vamtamtheme- vamtam-theme-check-box\"><\/i>\t\t\t\t<\/span>\n\t\t\t<\/div>\n\t\t\t\n\t\t\t\t\t\t<div class=\"elementor-icon-box-content\">\n\n\t\t\t\t\t\t\t\t\t<h3 class=\"elementor-icon-box-title\">\n\t\t\t\t\t\t<span  >\n\t\t\t\t\t\t\tF\u00e1cil de Usar \t\t\t\t\t\t<\/span>\n\t\t\t\t\t<\/h3>\n\t\t\t\t\n\t\t\t\t\t\t\t\t\t<p class=\"elementor-icon-box-description\">\n\t\t\t\t\t\tVPD Service Desk cuenta con una interfaz gr\u00e1fica amigable que le permitir\u00e1 hacer uso de la herramienta en tan s\u00f3lo unos minutos, y sin necesidad de contar con experiencia t\u00e9cnica alguna. \t\t\t\t\t<\/p>\n\t\t\t\t\n\t\t\t<\/div>\n\t\t\t\n\t\t<\/div>\n\t\t\t\t\t\t<\/div>\n\t\t\t\t<\/div>\n\t\t\t\t<div class=\"vamtam-has-theme-widget-styles elementor-element elementor-element-593bb677 elementor-position-inline-start elementor-view-default elementor-mobile-position-block-start elementor-widget elementor-widget-icon-box\" data-id=\"593bb677\" data-element_type=\"widget\" data-e-type=\"widget\" data-widget_type=\"icon-box.default\">\n\t\t\t\t<div class=\"elementor-widget-container\">\n\t\t\t\t\t\t\t<div class=\"elementor-icon-box-wrapper\">\n\n\t\t\t\t\t\t<div class=\"elementor-icon-box-icon\">\n\t\t\t\t<span  class=\"elementor-icon\">\n\t\t\t\t<i aria-hidden=\"true\" class=\"vamtamtheme- vamtam-theme-check-box\"><\/i>\t\t\t\t<\/span>\n\t\t\t<\/div>\n\t\t\t\n\t\t\t\t\t\t<div class=\"elementor-icon-box-content\">\n\n\t\t\t\t\t\t\t\t\t<h3 class=\"elementor-icon-box-title\">\n\t\t\t\t\t\t<span  >\n\t\t\t\t\t\t\tFlexible\t\t\t\t\t\t<\/span>\n\t\t\t\t\t<\/h3>\n\t\t\t\t\n\t\t\t\t\t\t\t\t\t<p class=\"elementor-icon-box-description\">\n\t\t\t\t\t\tConfigure y personalice los flujos para gestionar sus solicitudes de cambio, incidentes y requerimientos.\t\t\t\t\t<\/p>\n\t\t\t\t\n\t\t\t<\/div>\n\t\t\t\n\t\t<\/div>\n\t\t\t\t\t\t<\/div>\n\t\t\t\t<\/div>\n\t\t\t\t\t<\/div>\n\t\t<\/div>\n\t\t\t\t<div class=\"elementor-column elementor-col-50 elementor-inner-column elementor-element elementor-element-7e576c2b\" data-id=\"7e576c2b\" data-element_type=\"column\" data-e-type=\"column\">\n\t\t\t<div class=\"elementor-widget-wrap elementor-element-populated\">\n\t\t\t\t\t\t<div class=\"vamtam-has-theme-widget-styles elementor-element elementor-element-65bc5f35 elementor-position-inline-start elementor-view-default elementor-mobile-position-block-start elementor-widget elementor-widget-icon-box\" data-id=\"65bc5f35\" data-element_type=\"widget\" data-e-type=\"widget\" data-widget_type=\"icon-box.default\">\n\t\t\t\t<div class=\"elementor-widget-container\">\n\t\t\t\t\t\t\t<div class=\"elementor-icon-box-wrapper\">\n\n\t\t\t\t\t\t<div class=\"elementor-icon-box-icon\">\n\t\t\t\t<span  class=\"elementor-icon\">\n\t\t\t\t<i aria-hidden=\"true\" class=\"vamtamtheme- vamtam-theme-check-box\"><\/i>\t\t\t\t<\/span>\n\t\t\t<\/div>\n\t\t\t\n\t\t\t\t\t\t<div class=\"elementor-icon-box-content\">\n\n\t\t\t\t\t\t\t\t\t<h3 class=\"elementor-icon-box-title\">\n\t\t\t\t\t\t<span  >\n\t\t\t\t\t\t\tEscalable\t\t\t\t\t\t<\/span>\n\t\t\t\t\t<\/h3>\n\t\t\t\t\n\t\t\t\t\t\t\t\t\t<p class=\"elementor-icon-box-description\">\n\t\t\t\t\t\tPermite manejar varias aplicaciones y tener diferentes flujos y configuraciones para cada una. Se adapta a las necesidades de cada una de sus aplicaciones Forms &amp; Reports.\t\t\t\t\t<\/p>\n\t\t\t\t\n\t\t\t<\/div>\n\t\t\t\n\t\t<\/div>\n\t\t\t\t\t\t<\/div>\n\t\t\t\t<\/div>\n\t\t\t\t<div class=\"vamtam-has-theme-widget-styles elementor-element elementor-element-70c4080b elementor-position-inline-start elementor-view-default elementor-mobile-position-block-start elementor-widget elementor-widget-icon-box\" data-id=\"70c4080b\" data-element_type=\"widget\" data-e-type=\"widget\" data-widget_type=\"icon-box.default\">\n\t\t\t\t<div class=\"elementor-widget-container\">\n\t\t\t\t\t\t\t<div class=\"elementor-icon-box-wrapper\">\n\n\t\t\t\t\t\t<div class=\"elementor-icon-box-icon\">\n\t\t\t\t<span  class=\"elementor-icon\">\n\t\t\t\t<i aria-hidden=\"true\" class=\"vamtamtheme- vamtam-theme-check-box\"><\/i>\t\t\t\t<\/span>\n\t\t\t<\/div>\n\t\t\t\n\t\t\t\t\t\t<div class=\"elementor-icon-box-content\">\n\n\t\t\t\t\t\t\t\t\t<h3 class=\"elementor-icon-box-title\">\n\t\t\t\t\t\t<span  >\n\t\t\t\t\t\t\tCostos Asequibles\t\t\t\t\t\t<\/span>\n\t\t\t\t\t<\/h3>\n\t\t\t\t\n\t\t\t\t\t\t\t\t\t<p class=\"elementor-icon-box-description\">\n\t\t\t\t\t\tOfrecemos diferentes paquetes para empresas de cualquier tama\u00f1o y nos adaptamos a sus necesidades y a su presupuesto.\t\t\t\t\t<\/p>\n\t\t\t\t\n\t\t\t<\/div>\n\t\t\t\n\t\t<\/div>\n\t\t\t\t\t\t<\/div>\n\t\t\t\t<\/div>\n\t\t\t\t\t<\/div>\n\t\t<\/div>\n\t\t\t\t\t<\/div>\n\t\t<\/section>\n\t\t\t\t\t<\/div>\n\t\t<\/div>\n\t\t\t\t<div class=\"elementor-column elementor-col-50 elementor-top-column elementor-element elementor-element-4556fe8d\" data-id=\"4556fe8d\" data-element_type=\"column\" data-e-type=\"column\" data-settings=\"{&quot;background_background&quot;:&quot;classic&quot;}\">\n\t\t\t<div class=\"elementor-widget-wrap elementor-element-populated\">\n\t\t\t\t\t\t<div class=\"elementor-element elementor-element-793718ac elementor-widget elementor-widget-spacer\" data-id=\"793718ac\" data-element_type=\"widget\" data-e-type=\"widget\" data-widget_type=\"spacer.default\">\n\t\t\t\t<div class=\"elementor-widget-container\">\n\t\t\t\t\t\t\t<div class=\"elementor-spacer\">\n\t\t\t<div class=\"elementor-spacer-inner\"><\/div>\n\t\t<\/div>\n\t\t\t\t\t\t<\/div>\n\t\t\t\t<\/div>\n\t\t\t\t\t<\/div>\n\t\t<\/div>\n\t\t\t\t\t<\/div>\n\t\t<\/section>\n\t\t\t\t<section class=\"elementor-section elementor-top-section elementor-element elementor-element-4b91d2fc elementor-section-boxed elementor-section-height-default elementor-section-height-default\" data-id=\"4b91d2fc\" data-element_type=\"section\" data-e-type=\"section\">\n\t\t\t\t\t\t<div class=\"elementor-container elementor-column-gap-default\">\n\t\t\t\t\t<div data-skt-partstyle=\"nasa\" data-skt-partcolor=\"#000000\" data-skt-partopacity=\"0.7\" data-skt-partdirection=\"bottom\" data-skt-partnum=\"\" data-skt-partsize=\"\" data-skt-partspeed=\"\" data-skt-interactive=\"\" class=\"elementor-column elementor-col-50 elementor-top-column elementor-element elementor-element-5853fee8 skt-particle-adv-yes skt-particle-yes\" data-id=\"5853fee8\" data-element_type=\"column\" data-e-type=\"column\" data-settings=\"{&quot;background_background&quot;:&quot;classic&quot;}\">\n\t\t\t<div class=\"elementor-widget-wrap elementor-element-populated\">\n\t\t\t\t\t\t<div class=\"elementor-element elementor-element-b25fbc3 elementor-align-center elementor-widget elementor-widget-lottie\" data-id=\"b25fbc3\" data-element_type=\"widget\" data-e-type=\"widget\" data-settings=\"{&quot;source_json&quot;:{&quot;url&quot;:&quot;https:\\\/\\\/vpdprosistemas.com\\\/wp-content\\\/uploads\\\/2024\\\/04\\\/customer-service.json&quot;,&quot;id&quot;:990316,&quot;size&quot;:&quot;&quot;,&quot;alt&quot;:&quot;&quot;,&quot;source&quot;:&quot;library&quot;},&quot;loop&quot;:&quot;yes&quot;,&quot;source&quot;:&quot;media_file&quot;,&quot;caption_source&quot;:&quot;none&quot;,&quot;link_to&quot;:&quot;none&quot;,&quot;trigger&quot;:&quot;arriving_to_viewport&quot;,&quot;viewport&quot;:{&quot;unit&quot;:&quot;%&quot;,&quot;size&quot;:&quot;&quot;,&quot;sizes&quot;:{&quot;start&quot;:0,&quot;end&quot;:100}},&quot;play_speed&quot;:{&quot;unit&quot;:&quot;px&quot;,&quot;size&quot;:1,&quot;sizes&quot;:[]},&quot;start_point&quot;:{&quot;unit&quot;:&quot;%&quot;,&quot;size&quot;:0,&quot;sizes&quot;:[]},&quot;end_point&quot;:{&quot;unit&quot;:&quot;%&quot;,&quot;size&quot;:100,&quot;sizes&quot;:[]},&quot;renderer&quot;:&quot;svg&quot;}\" data-widget_type=\"lottie.default\">\n\t\t\t\t<div class=\"elementor-widget-container\">\n\t\t\t\t\t<div class=\"e-lottie__container\"><div class=\"e-lottie__animation\"><\/div><\/div>\t\t\t\t<\/div>\n\t\t\t\t<\/div>\n\t\t\t\t\t<\/div>\n\t\t<\/div>\n\t\t\t\t<div data-skt-partstyle=\"nasa\" data-skt-partcolor=\"#000000\" data-skt-partopacity=\"\" data-skt-partdirection=\"bottom\" class=\"elementor-column elementor-col-50 elementor-top-column elementor-element elementor-element-2d1431cd skt-particle-yes skt-particle-adv-no\" data-id=\"2d1431cd\" data-element_type=\"column\" data-e-type=\"column\">\n\t\t\t<div class=\"elementor-widget-wrap elementor-element-populated\">\n\t\t\t\t\t\t<div class=\"elementor-element elementor-element-29c373d1 elementor-widget elementor-widget-heading\" data-id=\"29c373d1\" data-element_type=\"widget\" data-e-type=\"widget\" data-widget_type=\"heading.default\">\n\t\t\t\t<div class=\"elementor-widget-container\">\n\t\t\t\t\t<h3 class=\"elementor-heading-title elementor-size-default\">\u00a1Ahorre Tiempo y Dinero!<br> Optimize sus flujos y procesos de TI.<\/h3>\t\t\t\t<\/div>\n\t\t\t\t<\/div>\n\t\t\t\t<div class=\"vamtam-has-theme-widget-styles elementor-element elementor-element-7011fbe3 elementor-widget elementor-widget-text-editor\" data-id=\"7011fbe3\" data-element_type=\"widget\" data-e-type=\"widget\" data-widget_type=\"text-editor.default\">\n\t\t\t\t<div class=\"elementor-widget-container\">\n\t\t\t\t\t\t\t\t\t<p>Ap\u00f3yese en nuestra herramienta VPD Service Desk y enf\u00f3quese en su negocio principal. Permita a nuestra gestionar sus incidentes, requerimientos y solicitudes de cambio. Compile, Versione y maneje un repositorio de objetos para cada una de sus aplicaciones con tan solo un click.<\/p>\t\t\t\t\t\t\t\t<\/div>\n\t\t\t\t<\/div>\n\t\t\t\t\t<\/div>\n\t\t<\/div>\n\t\t\t\t\t<\/div>\n\t\t<\/section>\n\t\t\t\t<\/div>","protected":false},"excerpt":{"rendered":"<p>Mejore la gesti\u00f3n de su TI!!!!<\/br>Gestione sus solicitudes de cambio, compile y versione sus objetos con tan solo un click.<\/p>","protected":false},"author":1,"featured_media":3273,"parent":465,"menu_order":0,"comment_status":"closed","ping_status":"closed","template":"","meta":{"footnotes":""},"class_list":["post-990392","page","type-page","status-publish","has-post-thumbnail","hentry"],"yoast_head":"<!-- This site is optimized with the Yoast SEO plugin v27.6 - https:\/\/yoast.com\/product\/yoast-seo-wordpress\/ -->\n<title>VPD Service Desk - VPD Proyectos y Sistemas<\/title>\n<meta name=\"robots\" content=\"index, follow, max-snippet:-1, max-image-preview:large, max-video-preview:-1\" \/>\n<link rel=\"canonical\" href=\"https:\/\/vpdprosistemas.com\/en\/servicios\/vpd-service-desk\/\" \/>\n<meta property=\"og:locale\" content=\"en_US\" \/>\n<meta property=\"og:type\" content=\"article\" \/>\n<meta property=\"og:title\" content=\"VPD Service Desk - VPD Proyectos y Sistemas\" \/>\n<meta property=\"og:description\" content=\"Mejore la gesti\u00f3n de su TI!!!!Gestione sus solicitudes de cambio, compile y versione sus objetos con tan solo un click.\" \/>\n<meta property=\"og:url\" content=\"https:\/\/vpdprosistemas.com\/en\/servicios\/vpd-service-desk\/\" \/>\n<meta property=\"og:site_name\" content=\"VPD Proyectos y Sistemas\" \/>\n<meta property=\"article:publisher\" content=\"https:\/\/www.facebook.com\/vpdprosistemassa\/\" \/>\n<meta property=\"article:modified_time\" content=\"2025-02-06T01:21:52+00:00\" \/>\n<meta property=\"og:image\" content=\"https:\/\/vpdprosistemas.com\/wp-content\/uploads\/2023\/03\/GettyImages-1147040712.jpg\" \/>\n\t<meta property=\"og:image:width\" content=\"1682\" \/>\n\t<meta property=\"og:image:height\" content=\"938\" \/>\n\t<meta property=\"og:image:type\" content=\"image\/jpeg\" \/>\n<meta name=\"twitter:card\" content=\"summary_large_image\" \/>\n<meta name=\"twitter:label1\" content=\"Est. reading time\" \/>\n\t<meta name=\"twitter:data1\" content=\"1 minute\" \/>\n<script type=\"application\/ld+json\" class=\"yoast-schema-graph\">{\"@context\":\"https:\\\/\\\/schema.org\",\"@graph\":[{\"@type\":\"WebPage\",\"@id\":\"https:\\\/\\\/vpdprosistemas.com\\\/servicios\\\/vpd-service-desk\\\/\",\"url\":\"https:\\\/\\\/vpdprosistemas.com\\\/servicios\\\/vpd-service-desk\\\/\",\"name\":\"VPD Service Desk - VPD Proyectos y Sistemas\",\"isPartOf\":{\"@id\":\"https:\\\/\\\/vpdprosistemas.com\\\/#website\"},\"primaryImageOfPage\":{\"@id\":\"https:\\\/\\\/vpdprosistemas.com\\\/servicios\\\/vpd-service-desk\\\/#primaryimage\"},\"image\":{\"@id\":\"https:\\\/\\\/vpdprosistemas.com\\\/servicios\\\/vpd-service-desk\\\/#primaryimage\"},\"thumbnailUrl\":\"https:\\\/\\\/vpdprosistemas.com\\\/wp-content\\\/uploads\\\/2023\\\/03\\\/GettyImages-1147040712.jpg\",\"datePublished\":\"2024-04-19T19:31:48+00:00\",\"dateModified\":\"2025-02-06T01:21:52+00:00\",\"breadcrumb\":{\"@id\":\"https:\\\/\\\/vpdprosistemas.com\\\/servicios\\\/vpd-service-desk\\\/#breadcrumb\"},\"inLanguage\":\"en-US\",\"potentialAction\":[{\"@type\":\"ReadAction\",\"target\":[\"https:\\\/\\\/vpdprosistemas.com\\\/servicios\\\/vpd-service-desk\\\/\"]}]},{\"@type\":\"ImageObject\",\"inLanguage\":\"en-US\",\"@id\":\"https:\\\/\\\/vpdprosistemas.com\\\/servicios\\\/vpd-service-desk\\\/#primaryimage\",\"url\":\"https:\\\/\\\/vpdprosistemas.com\\\/wp-content\\\/uploads\\\/2023\\\/03\\\/GettyImages-1147040712.jpg\",\"contentUrl\":\"https:\\\/\\\/vpdprosistemas.com\\\/wp-content\\\/uploads\\\/2023\\\/03\\\/GettyImages-1147040712.jpg\",\"width\":1682,\"height\":938},{\"@type\":\"BreadcrumbList\",\"@id\":\"https:\\\/\\\/vpdprosistemas.com\\\/servicios\\\/vpd-service-desk\\\/#breadcrumb\",\"itemListElement\":[{\"@type\":\"ListItem\",\"position\":1,\"name\":\"Home\",\"item\":\"https:\\\/\\\/vpdprosistemas.com\\\/\"},{\"@type\":\"ListItem\",\"position\":2,\"name\":\"Servicios\",\"item\":\"https:\\\/\\\/vpdprosistemas.com\\\/servicios\\\/\"},{\"@type\":\"ListItem\",\"position\":3,\"name\":\"VPD Service Desk\"}]},{\"@type\":\"WebSite\",\"@id\":\"https:\\\/\\\/vpdprosistemas.com\\\/#website\",\"url\":\"https:\\\/\\\/vpdprosistemas.com\\\/\",\"name\":\"VPD Proyectos y Sistemas\",\"description\":\"Empresa de Desarrollo y Tecnolog&iacute;a\",\"publisher\":{\"@id\":\"https:\\\/\\\/vpdprosistemas.com\\\/#organization\"},\"potentialAction\":[{\"@type\":\"SearchAction\",\"target\":{\"@type\":\"EntryPoint\",\"urlTemplate\":\"https:\\\/\\\/vpdprosistemas.com\\\/?s={search_term_string}\"},\"query-input\":{\"@type\":\"PropertyValueSpecification\",\"valueRequired\":true,\"valueName\":\"search_term_string\"}}],\"inLanguage\":\"en-US\"},{\"@type\":\"Organization\",\"@id\":\"https:\\\/\\\/vpdprosistemas.com\\\/#organization\",\"name\":\"VPD Proyectos y Sistemas\",\"url\":\"https:\\\/\\\/vpdprosistemas.com\\\/\",\"logo\":{\"@type\":\"ImageObject\",\"inLanguage\":\"en-US\",\"@id\":\"https:\\\/\\\/vpdprosistemas.com\\\/#\\\/schema\\\/logo\\\/image\\\/\",\"url\":\"https:\\\/\\\/vpdprosistemas.com\\\/wp-content\\\/uploads\\\/2024\\\/04\\\/cropped-logoVpd-1.png\",\"contentUrl\":\"https:\\\/\\\/vpdprosistemas.com\\\/wp-content\\\/uploads\\\/2024\\\/04\\\/cropped-logoVpd-1.png\",\"width\":241,\"height\":117,\"caption\":\"VPD Proyectos y Sistemas\"},\"image\":{\"@id\":\"https:\\\/\\\/vpdprosistemas.com\\\/#\\\/schema\\\/logo\\\/image\\\/\"},\"sameAs\":[\"https:\\\/\\\/www.facebook.com\\\/vpdprosistemassa\\\/\",\"https:\\\/\\\/www.linkedin.com\\\/company\\\/vpdprosistemassa\\\/\"]}]}<\/script>\n<!-- \/ Yoast SEO plugin. -->","yoast_head_json":{"title":"VPD Service Desk - VPD Proyectos y Sistemas","robots":{"index":"index","follow":"follow","max-snippet":"max-snippet:-1","max-image-preview":"max-image-preview:large","max-video-preview":"max-video-preview:-1"},"canonical":"https:\/\/vpdprosistemas.com\/en\/servicios\/vpd-service-desk\/","og_locale":"en_US","og_type":"article","og_title":"VPD Service Desk - VPD Proyectos y Sistemas","og_description":"Mejore la gesti\u00f3n de su TI!!!!Gestione sus solicitudes de cambio, compile y versione sus objetos con tan solo un click.","og_url":"https:\/\/vpdprosistemas.com\/en\/servicios\/vpd-service-desk\/","og_site_name":"VPD Proyectos y Sistemas","article_publisher":"https:\/\/www.facebook.com\/vpdprosistemassa\/","article_modified_time":"2025-02-06T01:21:52+00:00","og_image":[{"width":1682,"height":938,"url":"https:\/\/vpdprosistemas.com\/wp-content\/uploads\/2023\/03\/GettyImages-1147040712.jpg","type":"image\/jpeg"}],"twitter_card":"summary_large_image","twitter_misc":{"Est. reading time":"1 minute"},"schema":{"@context":"https:\/\/schema.org","@graph":[{"@type":"WebPage","@id":"https:\/\/vpdprosistemas.com\/servicios\/vpd-service-desk\/","url":"https:\/\/vpdprosistemas.com\/servicios\/vpd-service-desk\/","name":"VPD Service Desk - VPD Proyectos y Sistemas","isPartOf":{"@id":"https:\/\/vpdprosistemas.com\/#website"},"primaryImageOfPage":{"@id":"https:\/\/vpdprosistemas.com\/servicios\/vpd-service-desk\/#primaryimage"},"image":{"@id":"https:\/\/vpdprosistemas.com\/servicios\/vpd-service-desk\/#primaryimage"},"thumbnailUrl":"https:\/\/vpdprosistemas.com\/wp-content\/uploads\/2023\/03\/GettyImages-1147040712.jpg","datePublished":"2024-04-19T19:31:48+00:00","dateModified":"2025-02-06T01:21:52+00:00","breadcrumb":{"@id":"https:\/\/vpdprosistemas.com\/servicios\/vpd-service-desk\/#breadcrumb"},"inLanguage":"en-US","potentialAction":[{"@type":"ReadAction","target":["https:\/\/vpdprosistemas.com\/servicios\/vpd-service-desk\/"]}]},{"@type":"ImageObject","inLanguage":"en-US","@id":"https:\/\/vpdprosistemas.com\/servicios\/vpd-service-desk\/#primaryimage","url":"https:\/\/vpdprosistemas.com\/wp-content\/uploads\/2023\/03\/GettyImages-1147040712.jpg","contentUrl":"https:\/\/vpdprosistemas.com\/wp-content\/uploads\/2023\/03\/GettyImages-1147040712.jpg","width":1682,"height":938},{"@type":"BreadcrumbList","@id":"https:\/\/vpdprosistemas.com\/servicios\/vpd-service-desk\/#breadcrumb","itemListElement":[{"@type":"ListItem","position":1,"name":"Home","item":"https:\/\/vpdprosistemas.com\/"},{"@type":"ListItem","position":2,"name":"Servicios","item":"https:\/\/vpdprosistemas.com\/servicios\/"},{"@type":"ListItem","position":3,"name":"VPD Service Desk"}]},{"@type":"WebSite","@id":"https:\/\/vpdprosistemas.com\/#website","url":"https:\/\/vpdprosistemas.com\/","name":"VPD Proyectos y Sistemas","description":"Empresa de Desarrollo y Tecnolog&iacute;a","publisher":{"@id":"https:\/\/vpdprosistemas.com\/#organization"},"potentialAction":[{"@type":"SearchAction","target":{"@type":"EntryPoint","urlTemplate":"https:\/\/vpdprosistemas.com\/?s={search_term_string}"},"query-input":{"@type":"PropertyValueSpecification","valueRequired":true,"valueName":"search_term_string"}}],"inLanguage":"en-US"},{"@type":"Organization","@id":"https:\/\/vpdprosistemas.com\/#organization","name":"VPD Proyectos y Sistemas","url":"https:\/\/vpdprosistemas.com\/","logo":{"@type":"ImageObject","inLanguage":"en-US","@id":"https:\/\/vpdprosistemas.com\/#\/schema\/logo\/image\/","url":"https:\/\/vpdprosistemas.com\/wp-content\/uploads\/2024\/04\/cropped-logoVpd-1.png","contentUrl":"https:\/\/vpdprosistemas.com\/wp-content\/uploads\/2024\/04\/cropped-logoVpd-1.png","width":241,"height":117,"caption":"VPD Proyectos y Sistemas"},"image":{"@id":"https:\/\/vpdprosistemas.com\/#\/schema\/logo\/image\/"},"sameAs":["https:\/\/www.facebook.com\/vpdprosistemassa\/","https:\/\/www.linkedin.com\/company\/vpdprosistemassa\/"]}]}},"_links":{"self":[{"href":"https:\/\/vpdprosistemas.com\/en\/wp-json\/wp\/v2\/pages\/990392","targetHints":{"allow":["GET"]}}],"collection":[{"href":"https:\/\/vpdprosistemas.com\/en\/wp-json\/wp\/v2\/pages"}],"about":[{"href":"https:\/\/vpdprosistemas.com\/en\/wp-json\/wp\/v2\/types\/page"}],"author":[{"embeddable":true,"href":"https:\/\/vpdprosistemas.com\/en\/wp-json\/wp\/v2\/users\/1"}],"replies":[{"embeddable":true,"href":"https:\/\/vpdprosistemas.com\/en\/wp-json\/wp\/v2\/comments?post=990392"}],"version-history":[{"count":53,"href":"https:\/\/vpdprosistemas.com\/en\/wp-json\/wp\/v2\/pages\/990392\/revisions"}],"predecessor-version":[{"id":990609,"href":"https:\/\/vpdprosistemas.com\/en\/wp-json\/wp\/v2\/pages\/990392\/revisions\/990609"}],"up":[{"embeddable":true,"href":"https:\/\/vpdprosistemas.com\/en\/wp-json\/wp\/v2\/pages\/465"}],"wp:featuredmedia":[{"embeddable":true,"href":"https:\/\/vpdprosistemas.com\/en\/wp-json\/wp\/v2\/media\/3273"}],"wp:attachment":[{"href":"https:\/\/vpdprosistemas.com\/en\/wp-json\/wp\/v2\/media?parent=990392"}],"curies":[{"name":"wp","href":"https:\/\/api.w.org\/{rel}","templated":true}]}}